{"id":5220,"date":"2025-11-04T11:29:06","date_gmt":"2025-11-04T03:29:06","guid":{"rendered":"https:\/\/www.sztigerwong.com\/?post_type=product&#038;p=5220"},"modified":"2025-11-04T13:38:50","modified_gmt":"2025-11-04T05:38:50","slug":"ticket-parking-system-tiger-tp720e","status":"publish","type":"product","link":"https:\/\/www.sztigerwong.com\/vi\/product\/ticket-parking-system-tiger-tp720e\/","title":{"rendered":"7.L\u00e0m th\u1ebf n\u00e0o h\u1ed9p v\u00e9 n\u00e0y bi\u1ebft th\u1eddi gian \u0111\u1ed7 xe c\u1ee7a t\u00f4i?"},"content":{"rendered":"","protected":false},"excerpt":{"rendered":"<p>Th\u1eddi gian nh\u1eadp c\u1ea3nh c\u1ee7a b\u1ea1n \u0111\u01b0\u1ee3c ghi l\u1ea1i trong n\u1ec1n h\u1ec7 th\u1ed1ng t\u1ea1i th\u1eddi \u0111i\u1ec3m l\u1ea5y v\u00e9. Khi tho\u00e1t ra, thi\u1ebft b\u1ecb tho\u00e1t ra \u0111\u1ecdc m\u00e3 QR ho\u1eb7c ghi l\u1ea1i n\u00f3, v\u00e0 c\u00f3 th\u1ec3 t\u00ednh to\u00e1n th\u1eddi gian \u0111\u1ed7 xe ch\u00ednh x\u00e1c.<\/p>","protected":false},"featured_media":5221,"comment_status":"closed","ping_status":"closed","template":"","meta":[],"product_brand":[],"product_cat":[15,45],"product_tag":[],"class_list":{"0":"post-5220","1":"product","2":"type-product","3":"status-publish","4":"has-post-thumbnail","6":"product_cat-parking-management-system","7":"product_cat-ticket-parking-system","9":"first","10":"instock","11":"shipping-taxable","12":"product-type-simple"},"_links":{"self":[{"href":"https:\/\/www.sztigerwong.com\/vi\/wp-json\/wp\/v2\/product\/5220","targetHints":{"allow":["GET"]}}],"collection":[{"href":"https:\/\/www.sztigerwong.com\/vi\/wp-json\/wp\/v2\/product"}],"about":[{"href":"https:\/\/www.sztigerwong.com\/vi\/wp-json\/wp\/v2\/types\/product"}],"replies":[{"embeddable":true,"href":"https:\/\/www.sztigerwong.com\/vi\/wp-json\/wp\/v2\/comments?post=5220"}],"wp:featuredmedia":[{"embeddable":true,"href":"https:\/\/www.sztigerwong.com\/vi\/wp-json\/wp\/v2\/media\/5221"}],"wp:attachment":[{"href":"https:\/\/www.sztigerwong.com\/vi\/wp-json\/wp\/v2\/media?parent=5220"}],"wp:term":[{"taxonomy":"product_brand","embeddable":true,"href":"https:\/\/www.sztigerwong.com\/vi\/wp-json\/wp\/v2\/product_brand?post=5220"},{"taxonomy":"product_cat","embeddable":true,"href":"https:\/\/www.sztigerwong.com\/vi\/wp-json\/wp\/v2\/product_cat?post=5220"},{"taxonomy":"product_tag","embeddable":true,"href":"https:\/\/www.sztigerwong.com\/vi\/wp-json\/wp\/v2\/product_tag?post=5220"}],"curies":[{"name":"WP","href":"https:\/\/api.w.org\/{rel}","templated":true}]}}