{"id":5161,"date":"2025-10-30T16:29:58","date_gmt":"2025-10-30T08:29:58","guid":{"rendered":"https:\/\/www.sztigerwong.com\/?post_type=product&#038;p=5161"},"modified":"2025-10-30T16:34:33","modified_gmt":"2025-10-30T08:34:33","slug":"wing-wings-turnstile-gate-tgw-wt031","status":"publish","type":"product","link":"https:\/\/www.sztigerwong.com\/vi\/product\/wing-wings-turnstile-gate-tgw-wt031\/","title":{"rendered":"1. Kho\u1ea3ng c\u00e1ch \u0111\u1ecdc t\u1ed1i \u0111a c\u1ee7a n\u00f3 l\u00e0 bao nhi\u00eau?"},"content":{"rendered":"","protected":false},"excerpt":{"rendered":"<p>V\u1ec1 m\u1eb7t l\u00fd thuy\u1ebft, kho\u1ea3ng c\u00e1ch \u0111\u1ecdc t\u1ed1i \u0111a l\u00e0 15 m\u00e9t, nh\u01b0ng kho\u1ea3ng c\u00e1ch th\u1ef1c t\u1ebf s\u1ebd kh\u00e1c nhau t\u00f9y thu\u1ed9c v\u00e0o ng\u01b0\u1eddi \u0111\u1ecdc &#8217; c\u00f4ng su\u1ea5t, \u0103ng ten v\u00e0 m\u00f4i tr\u01b0\u1eddng xung quanh (ch\u1eb3ng h\u1ea1n nh\u01b0 c\u1ea3n tr\u1edf v\u00e0 can thi\u1ec7p).<\/p>","protected":false},"featured_media":5162,"comment_status":"closed","ping_status":"closed","template":"","meta":[],"product_brand":[],"product_cat":[48,19],"product_tag":[],"class_list":{"0":"post-5161","1":"product","2":"type-product","3":"status-publish","4":"has-post-thumbnail","6":"product_cat-flap-wings-turnstile-gate","7":"product_cat-turnstile-gate","9":"first","10":"instock","11":"shipping-taxable","12":"product-type-simple"},"_links":{"self":[{"href":"https:\/\/www.sztigerwong.com\/vi\/wp-json\/wp\/v2\/product\/5161","targetHints":{"allow":["GET"]}}],"collection":[{"href":"https:\/\/www.sztigerwong.com\/vi\/wp-json\/wp\/v2\/product"}],"about":[{"href":"https:\/\/www.sztigerwong.com\/vi\/wp-json\/wp\/v2\/types\/product"}],"replies":[{"embeddable":true,"href":"https:\/\/www.sztigerwong.com\/vi\/wp-json\/wp\/v2\/comments?post=5161"}],"wp:featuredmedia":[{"embeddable":true,"href":"https:\/\/www.sztigerwong.com\/vi\/wp-json\/wp\/v2\/media\/5162"}],"wp:attachment":[{"href":"https:\/\/www.sztigerwong.com\/vi\/wp-json\/wp\/v2\/media?parent=5161"}],"wp:term":[{"taxonomy":"product_brand","embeddable":true,"href":"https:\/\/www.sztigerwong.com\/vi\/wp-json\/wp\/v2\/product_brand?post=5161"},{"taxonomy":"product_cat","embeddable":true,"href":"https:\/\/www.sztigerwong.com\/vi\/wp-json\/wp\/v2\/product_cat?post=5161"},{"taxonomy":"product_tag","embeddable":true,"href":"https:\/\/www.sztigerwong.com\/vi\/wp-json\/wp\/v2\/product_tag?post=5161"}],"curies":[{"name":"WP","href":"https:\/\/api.w.org\/{rel}","templated":true}]}}