{"id":5134,"date":"2025-10-29T16:09:42","date_gmt":"2025-10-29T08:09:42","guid":{"rendered":"https:\/\/www.sztigerwong.com\/?post_type=product&#038;p=5134"},"modified":"2025-10-29T16:17:57","modified_gmt":"2025-10-29T08:17:57","slug":"parking-payment-system-tgw-ap27","status":"publish","type":"product","link":"https:\/\/www.sztigerwong.com\/vi\/product\/parking-payment-system-tgw-ap27\/","title":{"rendered":"5. c\u00e0i \u0111\u1eb7t y\u00eau c\u1ea7u d\u00e2y?"},"content":{"rendered":"","protected":false},"excerpt":{"rendered":"<p>Thi\u1ebft b\u1ecb c\u1ea7n \u0111\u01b0\u1ee3c k\u1ebft n\u1ed1i v\u1edbi d\u00e2y \u0111i\u1ec7n. Wi-Fi kh\u00f4ng d\u00e2y \/ 4G \/ 5G \u0111\u01b0\u1ee3c khuy\u1ebfn ngh\u1ecb \u0111\u1ec3 truy\u1ec1n d\u1eef li\u1ec7u, l\u00e0m gi\u1ea3m \u0111\u00e1ng k\u1ec3 s\u1ef1 ph\u1ee9c t\u1ea1p c\u1ee7a d\u00e2y x\u00e2y d\u1ef1ng. Truy\u1ec1n m\u1ea1ng c\u00f3 d\u00e2y c\u0169ng c\u00f3 s\u1eb5n \u0111\u1ec3 ph\u00f9 h\u1ee3p v\u1edbi c\u00e1c m\u00f4i tr\u01b0\u1eddng trang web kh\u00e1c nhau.<\/p>","protected":false},"featured_media":5135,"comment_status":"closed","ping_status":"closed","template":"","meta":[],"product_brand":[],"product_cat":[15,43],"product_tag":[],"class_list":{"0":"post-5134","1":"product","2":"type-product","3":"status-publish","4":"has-post-thumbnail","6":"product_cat-parking-management-system","7":"product_cat-parking-payment-system","9":"first","10":"instock","11":"shipping-taxable","12":"product-type-simple"},"_links":{"self":[{"href":"https:\/\/www.sztigerwong.com\/vi\/wp-json\/wp\/v2\/product\/5134","targetHints":{"allow":["GET"]}}],"collection":[{"href":"https:\/\/www.sztigerwong.com\/vi\/wp-json\/wp\/v2\/product"}],"about":[{"href":"https:\/\/www.sztigerwong.com\/vi\/wp-json\/wp\/v2\/types\/product"}],"replies":[{"embeddable":true,"href":"https:\/\/www.sztigerwong.com\/vi\/wp-json\/wp\/v2\/comments?post=5134"}],"wp:featuredmedia":[{"embeddable":true,"href":"https:\/\/www.sztigerwong.com\/vi\/wp-json\/wp\/v2\/media\/5135"}],"wp:attachment":[{"href":"https:\/\/www.sztigerwong.com\/vi\/wp-json\/wp\/v2\/media?parent=5134"}],"wp:term":[{"taxonomy":"product_brand","embeddable":true,"href":"https:\/\/www.sztigerwong.com\/vi\/wp-json\/wp\/v2\/product_brand?post=5134"},{"taxonomy":"product_cat","embeddable":true,"href":"https:\/\/www.sztigerwong.com\/vi\/wp-json\/wp\/v2\/product_cat?post=5134"},{"taxonomy":"product_tag","embeddable":true,"href":"https:\/\/www.sztigerwong.com\/vi\/wp-json\/wp\/v2\/product_tag?post=5134"}],"curies":[{"name":"WP","href":"https:\/\/api.w.org\/{rel}","templated":true}]}}