{"id":5116,"date":"2025-10-29T09:42:58","date_gmt":"2025-10-29T01:42:58","guid":{"rendered":"https:\/\/www.sztigerwong.com\/?post_type=product&#038;p=5116"},"modified":"2025-10-29T10:06:26","modified_gmt":"2025-10-29T02:06:26","slug":"parking-guidance-system-tgw03-e","status":"publish","type":"product","link":"https:\/\/www.sztigerwong.com\/vi\/product\/parking-guidance-system-tgw03-e\/","title":{"rendered":"M\u1ed9t thi\u1ebft k\u1ebf c\u1ea5u tr\u00fac h\u1ee3p l\u00fd v\u00e0 c\u00e1c th\u00e0nh ph\u1ea7n ti\u00eau chu\u1ea9n h\u00f3a l\u00e0m gi\u1ea3m \u0111\u00e1ng k\u1ec3 kh\u00f3 kh\u0103n v\u00e0 th\u1eddi gian l\u1eafp \u0111\u1eb7t, ti\u1ebft ki\u1ec7m hi\u1ec7u qu\u1ea3 chi ph\u00ed l\u1eafp \u0111\u1eb7t."},"content":{"rendered":"","protected":false},"excerpt":{"rendered":"<p>Gi\u00e1 c\u1ea3 ph\u1ea3i ch\u0103ng l\u00e0m gi\u1ea3m \u0111\u00e1ng k\u1ec3 chi ph\u00ed mua s\u1eafm v\u00e0 v\u1eadn h\u00e0nh trong khi \u0111\u1ea3m b\u1ea3o ch\u1ee9c n\u0103ng c\u1ed1t l\u00f5i, d\u1eabn \u0111\u1ebfn t\u1ef7 l\u1ec7 chi ph\u00ed-hi\u1ec7u su\u1ea5t c\u1ef1c k\u1ef3 cao.<\/p>","protected":false},"featured_media":5120,"comment_status":"closed","ping_status":"closed","template":"","meta":[],"product_brand":[],"product_cat":[42,15],"product_tag":[],"class_list":{"0":"post-5116","1":"product","2":"type-product","3":"status-publish","4":"has-post-thumbnail","6":"product_cat-parking-guidance-system","7":"product_cat-parking-management-system","9":"first","10":"instock","11":"shipping-taxable","12":"product-type-simple"},"_links":{"self":[{"href":"https:\/\/www.sztigerwong.com\/vi\/wp-json\/wp\/v2\/product\/5116","targetHints":{"allow":["GET"]}}],"collection":[{"href":"https:\/\/www.sztigerwong.com\/vi\/wp-json\/wp\/v2\/product"}],"about":[{"href":"https:\/\/www.sztigerwong.com\/vi\/wp-json\/wp\/v2\/types\/product"}],"replies":[{"embeddable":true,"href":"https:\/\/www.sztigerwong.com\/vi\/wp-json\/wp\/v2\/comments?post=5116"}],"wp:featuredmedia":[{"embeddable":true,"href":"https:\/\/www.sztigerwong.com\/vi\/wp-json\/wp\/v2\/media\/5120"}],"wp:attachment":[{"href":"https:\/\/www.sztigerwong.com\/vi\/wp-json\/wp\/v2\/media?parent=5116"}],"wp:term":[{"taxonomy":"product_brand","embeddable":true,"href":"https:\/\/www.sztigerwong.com\/vi\/wp-json\/wp\/v2\/product_brand?post=5116"},{"taxonomy":"product_cat","embeddable":true,"href":"https:\/\/www.sztigerwong.com\/vi\/wp-json\/wp\/v2\/product_cat?post=5116"},{"taxonomy":"product_tag","embeddable":true,"href":"https:\/\/www.sztigerwong.com\/vi\/wp-json\/wp\/v2\/product_tag?post=5116"}],"curies":[{"name":"WP","href":"https:\/\/api.w.org\/{rel}","templated":true}]}}