{"id":5028,"date":"2025-10-27T14:49:49","date_gmt":"2025-10-27T06:49:49","guid":{"rendered":"https:\/\/www.sztigerwong.com\/?post_type=product&#038;p=5028"},"modified":"2025-10-27T14:53:31","modified_gmt":"2025-10-27T06:53:31","slug":"wing-wings-turnstile-gate-tgw-hc-wt027","status":"publish","type":"product","link":"https:\/\/www.sztigerwong.com\/vi\/product\/wing-wings-turnstile-gate-tgw-hc-wt027\/","title":{"rendered":"C\u1ed5ng quay c\u00e1nh \/ c\u00e1nh &#8211; S\u1ea3n ph\u1ea9m TGW-HC-WT027"},"content":{"rendered":"","protected":false},"excerpt":{"rendered":"<p>TGW-HC-WT0027, v\u1edbi thi\u1ebft k\u1ebf h\u1ee3p l\u00fd cung \u0111\u1ed9c \u0111\u00e1o c\u1ee7a n\u00f3, \u0111\u1ecbnh ngh\u0129a l\u1ea1i c\u00e1c ti\u00eau chu\u1ea9n th\u1ea9m m\u1ef9 c\u1ee7a qu\u1ea3n l\u00fd truy c\u1eadp. Trong khi th\u1eeba k\u1ebf c\u00e1c ch\u1ee9c n\u0103ng c\u1ed1t l\u00f5i c\u1ee7a c\u1ed5ng c\u00e1nh, cung c\u1ea5p hi\u1ec7u qu\u1ea3 v\u00e0 an to\u00e0n, n\u00f3 c\u0169ng nh\u1ea5n m\u1ea1nh t\u01b0\u01a1ng t\u00e1c kh\u00f4ng gian v\u1edbi m\u00f4i tr\u01b0\u1eddng. N\u00f3 l\u00fd t\u01b0\u1edfng cho c\u00e1c t\u00f2a nh\u00e0 v\u0103n ph\u00f2ng cao c\u1ea5p, kh\u00e1ch s\u1ea1n \u0111\u01b0\u1ee3c \u0111\u00e1nh gi\u00e1 b\u1eb1ng sao, trung t\u00e2m th\u01b0\u01a1ng m\u1ea1i boutique v\u00e0 c\u00e1c n\u01a1i kh\u00e1c \u0111\u00f2i h\u1ecfi s\u1ef1 xu\u1ea5t s\u1eafc v\u1ec1 phong c\u00e1ch kh\u00f4ng gian v\u00e0 tr\u1ea3i nghi\u1ec7m ng\u01b0\u1eddi d\u00f9ng. Trong khi \u0111\u1ea1t \u0111\u01b0\u1ee3c qu\u1ea3n l\u00fd truy c\u1eadp ch\u00ednh x\u00e1c, n\u00f3 c\u0169ng tr\u1edf th\u00e0nh m\u1ed9t c\u01a1 s\u1edf mang t\u00ednh b\u01b0\u1edbc ngo\u1eb7t n\u00e2ng cao ch\u1ea5t l\u01b0\u1ee3ng m\u00f4i tr\u01b0\u1eddng.<\/p>","protected":false},"featured_media":5029,"comment_status":"closed","ping_status":"closed","template":"","meta":[],"product_brand":[],"product_cat":[48,19],"product_tag":[],"class_list":{"0":"post-5028","1":"product","2":"type-product","3":"status-publish","4":"has-post-thumbnail","6":"product_cat-flap-wings-turnstile-gate","7":"product_cat-turnstile-gate","9":"first","10":"instock","11":"shipping-taxable","12":"product-type-simple"},"_links":{"self":[{"href":"https:\/\/www.sztigerwong.com\/vi\/wp-json\/wp\/v2\/product\/5028","targetHints":{"allow":["GET"]}}],"collection":[{"href":"https:\/\/www.sztigerwong.com\/vi\/wp-json\/wp\/v2\/product"}],"about":[{"href":"https:\/\/www.sztigerwong.com\/vi\/wp-json\/wp\/v2\/types\/product"}],"replies":[{"embeddable":true,"href":"https:\/\/www.sztigerwong.com\/vi\/wp-json\/wp\/v2\/comments?post=5028"}],"wp:featuredmedia":[{"embeddable":true,"href":"https:\/\/www.sztigerwong.com\/vi\/wp-json\/wp\/v2\/media\/5029"}],"wp:attachment":[{"href":"https:\/\/www.sztigerwong.com\/vi\/wp-json\/wp\/v2\/media?parent=5028"}],"wp:term":[{"taxonomy":"product_brand","embeddable":true,"href":"https:\/\/www.sztigerwong.com\/vi\/wp-json\/wp\/v2\/product_brand?post=5028"},{"taxonomy":"product_cat","embeddable":true,"href":"https:\/\/www.sztigerwong.com\/vi\/wp-json\/wp\/v2\/product_cat?post=5028"},{"taxonomy":"product_tag","embeddable":true,"href":"https:\/\/www.sztigerwong.com\/vi\/wp-json\/wp\/v2\/product_tag?post=5028"}],"curies":[{"name":"WP","href":"https:\/\/api.w.org\/{rel}","templated":true}]}}