{"id":5019,"date":"2025-10-27T14:08:48","date_gmt":"2025-10-27T06:08:48","guid":{"rendered":"https:\/\/www.sztigerwong.com\/?post_type=product&#038;p=5019"},"modified":"2025-10-27T15:10:49","modified_gmt":"2025-10-27T07:10:49","slug":"wing-wings-turnstile-gate-tgw-hc-wt026","status":"publish","type":"product","link":"https:\/\/www.sztigerwong.com\/vi\/product\/wing-wings-turnstile-gate-tgw-hc-wt026\/","title":{"rendered":"C\u1ed5ng quay c\u00e1nh \/ c\u00e1nh &#8211; S\u1ea3n ph\u1ea9m TGW-HC-WT026"},"content":{"rendered":"","protected":false},"excerpt":{"rendered":"<p>C\u1ed5ng c\u00e1nh TGW-HC-WT026 \u0111\u01b0\u1ee3c thi\u1ebft k\u1ebf \u0111\u1ec3 th\u00f4ng qua ergonomic v\u00e0 tho\u1ea3i m\u00e1i, c\u00f3 c\u1ea5u tr\u00fac kh\u00f4ng \u0111\u1ed1i x\u1ee9ng v\u1edbi \u0111\u1ea7u vu\u1ed1t th\u1ebb th\u1ea5p v\u00e0 \u0111\u1ea7u th\u00f4ng qua cao. Thi\u1ebft k\u1ebf n\u00e0y \u0111\u1ea3m b\u1ea3o th\u00f4ng qua hi\u1ec7u qu\u1ea3 v\u00e0 an to\u00e0n trong khi k\u1ebft h\u1ee3p c\u00e1c c\u00e2n nh\u1eafc nh\u00e2n \u0111\u1ea1o. N\u00f3 \u0111\u1eb7c bi\u1ec7t ph\u00f9 h\u1ee3p cho c\u00e1c l\u1ed1i \u0111i c\u1ee7a nh\u00e2n vi\u00ean \u0111\u01b0\u1ee3c s\u1eed d\u1ee5ng th\u01b0\u1eddng xuy\u00ean, t\u0103ng c\u01b0\u1eddng \u0111\u00e1ng k\u1ec3 s\u1ef1 ti\u1ec7n l\u1ee3i v\u00e0 tho\u1ea3i m\u00e1i c\u1ee7a vi\u1ec7c \u0111i l\u1ea1i h\u00e0ng ng\u00e0y.<\/p>","protected":false},"featured_media":5020,"comment_status":"closed","ping_status":"closed","template":"","meta":[],"product_brand":[],"product_cat":[48,19],"product_tag":[],"class_list":{"0":"post-5019","1":"product","2":"type-product","3":"status-publish","4":"has-post-thumbnail","6":"product_cat-flap-wings-turnstile-gate","7":"product_cat-turnstile-gate","9":"first","10":"instock","11":"shipping-taxable","12":"product-type-simple"},"_links":{"self":[{"href":"https:\/\/www.sztigerwong.com\/vi\/wp-json\/wp\/v2\/product\/5019","targetHints":{"allow":["GET"]}}],"collection":[{"href":"https:\/\/www.sztigerwong.com\/vi\/wp-json\/wp\/v2\/product"}],"about":[{"href":"https:\/\/www.sztigerwong.com\/vi\/wp-json\/wp\/v2\/types\/product"}],"replies":[{"embeddable":true,"href":"https:\/\/www.sztigerwong.com\/vi\/wp-json\/wp\/v2\/comments?post=5019"}],"wp:featuredmedia":[{"embeddable":true,"href":"https:\/\/www.sztigerwong.com\/vi\/wp-json\/wp\/v2\/media\/5020"}],"wp:attachment":[{"href":"https:\/\/www.sztigerwong.com\/vi\/wp-json\/wp\/v2\/media?parent=5019"}],"wp:term":[{"taxonomy":"product_brand","embeddable":true,"href":"https:\/\/www.sztigerwong.com\/vi\/wp-json\/wp\/v2\/product_brand?post=5019"},{"taxonomy":"product_cat","embeddable":true,"href":"https:\/\/www.sztigerwong.com\/vi\/wp-json\/wp\/v2\/product_cat?post=5019"},{"taxonomy":"product_tag","embeddable":true,"href":"https:\/\/www.sztigerwong.com\/vi\/wp-json\/wp\/v2\/product_tag?post=5019"}],"curies":[{"name":"WP","href":"https:\/\/api.w.org\/{rel}","templated":true}]}}