{"id":4985,"date":"2025-10-24T15:36:58","date_gmt":"2025-10-24T07:36:58","guid":{"rendered":"https:\/\/www.sztigerwong.com\/?post_type=product&#038;p=4985"},"modified":"2025-10-25T09:29:31","modified_gmt":"2025-10-25T01:29:31","slug":"wing-wings-turnstile-gate-tgw-hc-wt022","status":"publish","type":"product","link":"https:\/\/www.sztigerwong.com\/vi\/product\/wing-wings-turnstile-gate-tgw-hc-wt022\/","title":{"rendered":"H\u00f4m nay&#8217; th\u1ebf gi\u1edbi, c\u00e1c t\u00f2a nh\u00e0 th\u00f4ng minh v\u00e0 gi\u1eef cho m\u1ecdi ng\u01b0\u1eddi an to\u00e0n quan tr\u1ecdng r\u1ea5t nhi\u1ec1u. C\u00e1ch c\u00f4ng ngh\u1ec7 c\u1eeda quay \u0111\u00e3 thay \u0111\u1ed5i th\u1ef1c s\u1ef1 quan tr\u1ecdng b\u00e2y gi\u1edd. \u0110i\u1ec1u n\u00e0y gi\u00fap trong v\u0103n ph\u00f2ng, tr\u01b0\u1eddng h\u1ecdc ho\u1eb7c c\u00e1c \u0111i\u1ec3m mua s\u1eafm b\u1eadn r\u1ed9n. Ch\u1ecdn c\u00e1ch t\u1ed1t nh\u1ea5t \u0111\u1ec3 ki\u1ec3m so\u00e1t ai \u0111\u1ebfn l\u00e0 m\u1ed9t v\u1ea5n \u0111\u1ec1 l\u1edbn. N\u1ebfu b\u1ea1n mu\u1ed1n c\u00e1c c\u00f4ng c\u1ee5 h\u00e0ng \u0111\u1ea7u pha tr\u1ed9n an to\u00e0n, c\u00f4ng vi\u1ec7c nhanh ch\u00f3ng, [&hellip;]"},"content":{"rendered":"","protected":false},"excerpt":{"rendered":"<p>24\/10\/2025 \u2013 TigerWong<\/p>","protected":false},"featured_media":4986,"comment_status":"closed","ping_status":"closed","template":"","meta":[],"product_brand":[],"product_cat":[48,19],"product_tag":[],"class_list":{"0":"post-4985","1":"product","2":"type-product","3":"status-publish","4":"has-post-thumbnail","6":"product_cat-flap-wings-turnstile-gate","7":"product_cat-turnstile-gate","9":"first","10":"instock","11":"shipping-taxable","12":"product-type-simple"},"_links":{"self":[{"href":"https:\/\/www.sztigerwong.com\/vi\/wp-json\/wp\/v2\/product\/4985","targetHints":{"allow":["GET"]}}],"collection":[{"href":"https:\/\/www.sztigerwong.com\/vi\/wp-json\/wp\/v2\/product"}],"about":[{"href":"https:\/\/www.sztigerwong.com\/vi\/wp-json\/wp\/v2\/types\/product"}],"replies":[{"embeddable":true,"href":"https:\/\/www.sztigerwong.com\/vi\/wp-json\/wp\/v2\/comments?post=4985"}],"wp:featuredmedia":[{"embeddable":true,"href":"https:\/\/www.sztigerwong.com\/vi\/wp-json\/wp\/v2\/media\/4986"}],"wp:attachment":[{"href":"https:\/\/www.sztigerwong.com\/vi\/wp-json\/wp\/v2\/media?parent=4985"}],"wp:term":[{"taxonomy":"product_brand","embeddable":true,"href":"https:\/\/www.sztigerwong.com\/vi\/wp-json\/wp\/v2\/product_brand?post=4985"},{"taxonomy":"product_cat","embeddable":true,"href":"https:\/\/www.sztigerwong.com\/vi\/wp-json\/wp\/v2\/product_cat?post=4985"},{"taxonomy":"product_tag","embeddable":true,"href":"https:\/\/www.sztigerwong.com\/vi\/wp-json\/wp\/v2\/product_tag?post=4985"}],"curies":[{"name":"WP","href":"https:\/\/api.w.org\/{rel}","templated":true}]}}