{"id":4904,"date":"2025-10-22T16:27:03","date_gmt":"2025-10-22T08:27:03","guid":{"rendered":"https:\/\/www.sztigerwong.com\/?post_type=product&#038;p=4904"},"modified":"2025-10-22T17:37:10","modified_gmt":"2025-10-22T09:37:10","slug":"wing-wings-turnstile-gate-tgw-wt009","status":"publish","type":"product","link":"https:\/\/www.sztigerwong.com\/vi\/product\/wing-wings-turnstile-gate-tgw-wt009\/","title":{"rendered":"C\u1ed5ng c\u00e1nh v\u1edbi qu\u00e9t th\u1ebb v\u00e0 c\u00e1c h\u1ec7 th\u1ed1ng ki\u1ec3m so\u00e1t truy c\u1eadp kh\u00e1c cho t\u00e0u \u0111i\u1ec7n ng\u1ea7m, t\u00f2a nh\u00e0 v\u0103n ph\u00f2ng, nh\u00e0 m\u00e1y."},"content":{"rendered":"","protected":false},"excerpt":{"rendered":"<p>C\u1ed5ng c\u00e1nh-TGW-WT010 - TigerWong<\/p>","protected":false},"featured_media":4909,"comment_status":"closed","ping_status":"closed","template":"","meta":[],"product_brand":[],"product_cat":[48,19],"product_tag":[],"class_list":{"0":"post-4904","1":"product","2":"type-product","3":"status-publish","4":"has-post-thumbnail","6":"product_cat-flap-wings-turnstile-gate","7":"product_cat-turnstile-gate","9":"first","10":"instock","11":"shipping-taxable","12":"product-type-simple"},"_links":{"self":[{"href":"https:\/\/www.sztigerwong.com\/vi\/wp-json\/wp\/v2\/product\/4904","targetHints":{"allow":["GET"]}}],"collection":[{"href":"https:\/\/www.sztigerwong.com\/vi\/wp-json\/wp\/v2\/product"}],"about":[{"href":"https:\/\/www.sztigerwong.com\/vi\/wp-json\/wp\/v2\/types\/product"}],"replies":[{"embeddable":true,"href":"https:\/\/www.sztigerwong.com\/vi\/wp-json\/wp\/v2\/comments?post=4904"}],"wp:featuredmedia":[{"embeddable":true,"href":"https:\/\/www.sztigerwong.com\/vi\/wp-json\/wp\/v2\/media\/4909"}],"wp:attachment":[{"href":"https:\/\/www.sztigerwong.com\/vi\/wp-json\/wp\/v2\/media?parent=4904"}],"wp:term":[{"taxonomy":"product_brand","embeddable":true,"href":"https:\/\/www.sztigerwong.com\/vi\/wp-json\/wp\/v2\/product_brand?post=4904"},{"taxonomy":"product_cat","embeddable":true,"href":"https:\/\/www.sztigerwong.com\/vi\/wp-json\/wp\/v2\/product_cat?post=4904"},{"taxonomy":"product_tag","embeddable":true,"href":"https:\/\/www.sztigerwong.com\/vi\/wp-json\/wp\/v2\/product_tag?post=4904"}],"curies":[{"name":"WP","href":"https:\/\/api.w.org\/{rel}","templated":true}]}}