{"id":4653,"date":"2025-09-28T10:09:18","date_gmt":"2025-09-28T02:09:18","guid":{"rendered":"https:\/\/www.sztigerwong.com\/?post_type=product&#038;p=4653"},"modified":"2025-09-28T10:50:41","modified_gmt":"2025-09-28T02:50:41","slug":"swing-turnstile-gate-tgw-hs-lst020","status":"publish","type":"product","link":"https:\/\/www.sztigerwong.com\/vi\/product\/swing-turnstile-gate-tgw-hs-lst020\/","title":{"rendered":"C\u1ed5ng quay swing &#8211; S\u1ea3n ph\u1ea9m TGW-HS-LST020"},"content":{"rendered":"","protected":false},"excerpt":{"rendered":"<p>TGW-HC-LST020 l\u00e0 m\u1ed9t thi\u1ebft b\u1ecb qu\u1ea3n l\u00fd k\u00eanh th\u00f4ng minh \u0111\u01b0\u1ee3c thi\u1ebft k\u1ebf cho c\u00e1c n\u01a1i an ninh cao. N\u00f3 \u00e1p d\u1ee5ng m\u1ed9t c\u1ea5u tr\u00fac n\u00e2ng cao \u0111\u1ed9c \u0111\u00e1o \u1edf c\u1ea3 hai \u0111\u1ea7u fuselage, k\u1ebft h\u1ee3p v\u1edbi v\u1eadt li\u1ec7u c\u01b0\u1eddng \u0111\u1ed9 cao v\u00e0 h\u1ec7 th\u1ed1ng \u0111i\u1ec1u khi\u1ec3n th\u00f4ng minh, \u0111\u1ec3 th\u1ef1c hi\u1ec7n hi\u1ec7u qu\u1ea3 s\u1ef1 chuy\u1ec3n h\u01b0\u1edbng nh\u00e2n s\u1ef1, x\u00e1c minh th\u1ea9m quy\u1ec1n v\u00e0 c\u00e1c ch\u1ee9c n\u0103ng ch\u1ed1ng tailgating. N\u00f3 ph\u00f9 h\u1ee3p v\u1edbi c\u00e1c khu v\u1ef1c giao th\u00f4ng cao nh\u01b0 t\u00e0u \u0111i\u1ec7n ng\u1ea7m, s\u00e2n bay, t\u00f2a nh\u00e0 v\u0103n ph\u00f2ng v\u00e0 \u0111\u1ecba \u0111i\u1ec3m, t\u00ednh \u0111\u1ebfn c\u1ea3 \u0111\u01b0\u1eddng \u0111i hi\u1ec7u qu\u1ea3 v\u00e0 b\u1ea3o v\u1ec7 an to\u00e0n.<\/p>","protected":false},"featured_media":4654,"comment_status":"closed","ping_status":"closed","template":"","meta":[],"product_brand":[],"product_cat":[53,19],"product_tag":[],"class_list":{"0":"post-4653","1":"product","2":"type-product","3":"status-publish","4":"has-post-thumbnail","6":"product_cat-swing-turnstile-gate","7":"product_cat-turnstile-gate","9":"first","10":"instock","11":"shipping-taxable","12":"product-type-simple"},"_links":{"self":[{"href":"https:\/\/www.sztigerwong.com\/vi\/wp-json\/wp\/v2\/product\/4653","targetHints":{"allow":["GET"]}}],"collection":[{"href":"https:\/\/www.sztigerwong.com\/vi\/wp-json\/wp\/v2\/product"}],"about":[{"href":"https:\/\/www.sztigerwong.com\/vi\/wp-json\/wp\/v2\/types\/product"}],"replies":[{"embeddable":true,"href":"https:\/\/www.sztigerwong.com\/vi\/wp-json\/wp\/v2\/comments?post=4653"}],"wp:featuredmedia":[{"embeddable":true,"href":"https:\/\/www.sztigerwong.com\/vi\/wp-json\/wp\/v2\/media\/4654"}],"wp:attachment":[{"href":"https:\/\/www.sztigerwong.com\/vi\/wp-json\/wp\/v2\/media?parent=4653"}],"wp:term":[{"taxonomy":"product_brand","embeddable":true,"href":"https:\/\/www.sztigerwong.com\/vi\/wp-json\/wp\/v2\/product_brand?post=4653"},{"taxonomy":"product_cat","embeddable":true,"href":"https:\/\/www.sztigerwong.com\/vi\/wp-json\/wp\/v2\/product_cat?post=4653"},{"taxonomy":"product_tag","embeddable":true,"href":"https:\/\/www.sztigerwong.com\/vi\/wp-json\/wp\/v2\/product_tag?post=4653"}],"curies":[{"name":"WP","href":"https:\/\/api.w.org\/{rel}","templated":true}]}}