{"id":4629,"date":"2025-09-26T16:13:50","date_gmt":"2025-09-26T08:13:50","guid":{"rendered":"https:\/\/www.sztigerwong.com\/?post_type=product&#038;p=4629"},"modified":"2025-09-26T17:25:43","modified_gmt":"2025-09-26T09:25:43","slug":"parking-payment-system-tgw-aspmbc","status":"publish","type":"product","link":"https:\/\/www.sztigerwong.com\/vi\/product\/parking-payment-system-tgw-aspmbc\/","title":{"rendered":"H\u1ec7 th\u1ed1ng thanh to\u00e1n b\u00e3i \u0111\u1ed7 xe &#8211; S\u1ea3n ph\u1ea9m TGW-ASPMBC"},"content":{"rendered":"","protected":false},"excerpt":{"rendered":"<p>TGW-Aspmbc l\u00e0 m\u1ed9t h\u1ec7 th\u1ed1ng thanh to\u00e1n \u0111\u1ed7 xe t\u1ef1 ph\u1ee5c v\u1ee5 t\u1ea5t c\u1ea3 trong m\u1ed9t h\u1ed7 tr\u1ee3 \u0111\u1ea7u v\u00e0o t\u1ea5m \u724c, qu\u00e9t m\u00e3 QR v\u00e0 x\u00e1c minh th\u1ebb VIP. N\u00f3 ch\u1ea5p nh\u1eadn c\u1ea3 thanh to\u00e1n b\u1eb1ng th\u1ebb v\u00e0 ti\u1ec1n m\u1eb7t, cung c\u1ea5p thay \u0111\u1ed5i v\u00e0 ho\u1ea1t \u0111\u1ed9ng 24\/7 m\u00e0 kh\u00f4ng c\u00f3 nh\u00e2n vi\u00ean. V\u1edbi c\u00e1c ch\u1ee9c n\u0103ng ghi d\u1eef li\u1ec7u t\u1ef1 \u0111\u1ed9ng v\u00e0 xu\u1ea5t b\u00e1o c\u00e1o, n\u00f3 \u0111\u1ea3m b\u1ea3o thu ph\u00ed \u0111\u1ed7 xe nhanh ch\u00f3ng, ch\u00ednh x\u00e1c v\u00e0 hi\u1ec7u qu\u1ea3 - ho\u00e0n h\u1ea3o cho c\u00e1c c\u01a1 s\u1edf \u0111\u1ed7 xe kh\u00f4ng gi\u00e1m s\u00e1t hi\u1ec7n \u0111\u1ea1i.<\/p>","protected":false},"featured_media":4630,"comment_status":"closed","ping_status":"closed","template":"","meta":[],"product_brand":[],"product_cat":[15,43],"product_tag":[],"class_list":{"0":"post-4629","1":"product","2":"type-product","3":"status-publish","4":"has-post-thumbnail","6":"product_cat-parking-management-system","7":"product_cat-parking-payment-system","9":"first","10":"instock","11":"shipping-taxable","12":"product-type-simple"},"_links":{"self":[{"href":"https:\/\/www.sztigerwong.com\/vi\/wp-json\/wp\/v2\/product\/4629","targetHints":{"allow":["GET"]}}],"collection":[{"href":"https:\/\/www.sztigerwong.com\/vi\/wp-json\/wp\/v2\/product"}],"about":[{"href":"https:\/\/www.sztigerwong.com\/vi\/wp-json\/wp\/v2\/types\/product"}],"replies":[{"embeddable":true,"href":"https:\/\/www.sztigerwong.com\/vi\/wp-json\/wp\/v2\/comments?post=4629"}],"wp:featuredmedia":[{"embeddable":true,"href":"https:\/\/www.sztigerwong.com\/vi\/wp-json\/wp\/v2\/media\/4630"}],"wp:attachment":[{"href":"https:\/\/www.sztigerwong.com\/vi\/wp-json\/wp\/v2\/media?parent=4629"}],"wp:term":[{"taxonomy":"product_brand","embeddable":true,"href":"https:\/\/www.sztigerwong.com\/vi\/wp-json\/wp\/v2\/product_brand?post=4629"},{"taxonomy":"product_cat","embeddable":true,"href":"https:\/\/www.sztigerwong.com\/vi\/wp-json\/wp\/v2\/product_cat?post=4629"},{"taxonomy":"product_tag","embeddable":true,"href":"https:\/\/www.sztigerwong.com\/vi\/wp-json\/wp\/v2\/product_tag?post=4629"}],"curies":[{"name":"WP","href":"https:\/\/api.w.org\/{rel}","templated":true}]}}