{"id":4610,"date":"2025-09-25T17:44:33","date_gmt":"2025-09-25T09:44:33","guid":{"rendered":"https:\/\/www.sztigerwong.com\/?post_type=product&#038;p=4610"},"modified":"2025-09-25T17:49:48","modified_gmt":"2025-09-25T09:49:48","slug":"swing-turnstile-gate-tgw-st005","status":"publish","type":"product","link":"https:\/\/www.sztigerwong.com\/vi\/product\/swing-turnstile-gate-tgw-st005\/","title":{"rendered":"C\u1ed5ng quay swing &#8211; S\u1ea3n ph\u1ea9m TGW-ST005"},"content":{"rendered":"","protected":false},"excerpt":{"rendered":"<p>TGW-ST005 l\u00e0 m\u1ed9t thi\u1ebft b\u1ecb c\u1ed5ng swing th\u00e2n r\u1ed9ng \u0111\u01b0\u1ee3c thi\u1ebft k\u1ebf cho c\u00e1c k\u00eanh l\u01b0u l\u01b0\u1ee3ng truy c\u1eadp cao. N\u00f3 \u0111\u01b0\u1ee3c l\u00e0m b\u1eb1ng th\u00e9p kh\u00f4ng g\u1ec9 304, c\u00f3 th\u1ec3 ti\u1ebft ki\u1ec7m kh\u00f4ng gian trong khi \u0111\u1ea3m b\u1ea3o th\u00f4ng qua hi\u1ec7u qu\u1ea3. C\u01a1 th\u1ec3 c\u01b0\u1eddng \u0111\u1ed9 cao \u0111\u01b0\u1ee3c k\u1ebft h\u1ee3p v\u1edbi m\u1ed9t h\u1ec7 th\u1ed1ng \u0111i\u1ec1u khi\u1ec3n th\u00f4ng minh, ph\u00f9 h\u1ee3p cho s\u00e2n bay, ga, \u0111\u1ecba \u0111i\u1ec3m l\u1edbn v\u00e0 c\u00e1c n\u01a1i kh\u00e1c y\u00eau c\u1ea7u s\u01a1 t\u00e1n nhanh ch\u00f3ng, t\u00ednh \u0111\u1ebfn c\u1ea3 an to\u00e0n v\u00e0 hi\u1ec7u qu\u1ea3 th\u00f4ng qua.<\/p>","protected":false},"featured_media":4611,"comment_status":"closed","ping_status":"closed","template":"","meta":[],"product_brand":[],"product_cat":[53,19],"product_tag":[],"class_list":{"0":"post-4610","1":"product","2":"type-product","3":"status-publish","4":"has-post-thumbnail","6":"product_cat-swing-turnstile-gate","7":"product_cat-turnstile-gate","9":"first","10":"instock","11":"shipping-taxable","12":"product-type-simple"},"_links":{"self":[{"href":"https:\/\/www.sztigerwong.com\/vi\/wp-json\/wp\/v2\/product\/4610","targetHints":{"allow":["GET"]}}],"collection":[{"href":"https:\/\/www.sztigerwong.com\/vi\/wp-json\/wp\/v2\/product"}],"about":[{"href":"https:\/\/www.sztigerwong.com\/vi\/wp-json\/wp\/v2\/types\/product"}],"replies":[{"embeddable":true,"href":"https:\/\/www.sztigerwong.com\/vi\/wp-json\/wp\/v2\/comments?post=4610"}],"wp:featuredmedia":[{"embeddable":true,"href":"https:\/\/www.sztigerwong.com\/vi\/wp-json\/wp\/v2\/media\/4611"}],"wp:attachment":[{"href":"https:\/\/www.sztigerwong.com\/vi\/wp-json\/wp\/v2\/media?parent=4610"}],"wp:term":[{"taxonomy":"product_brand","embeddable":true,"href":"https:\/\/www.sztigerwong.com\/vi\/wp-json\/wp\/v2\/product_brand?post=4610"},{"taxonomy":"product_cat","embeddable":true,"href":"https:\/\/www.sztigerwong.com\/vi\/wp-json\/wp\/v2\/product_cat?post=4610"},{"taxonomy":"product_tag","embeddable":true,"href":"https:\/\/www.sztigerwong.com\/vi\/wp-json\/wp\/v2\/product_tag?post=4610"}],"curies":[{"name":"WP","href":"https:\/\/api.w.org\/{rel}","templated":true}]}}