{"id":4441,"date":"2025-09-03T14:00:33","date_gmt":"2025-09-03T06:00:33","guid":{"rendered":"https:\/\/www.sztigerwong.com\/?post_type=product&#038;p=4441"},"modified":"2025-09-03T15:12:05","modified_gmt":"2025-09-03T07:12:05","slug":"swing-turnstile-gate-tgw-lst018","status":"publish","type":"product","link":"https:\/\/www.sztigerwong.com\/vi\/product\/swing-turnstile-gate-tgw-lst018\/","title":{"rendered":"Ch\u1ee9c n\u0103ng ch\u1ed1ng tailgating \u0111\u01b0\u1ee3c thi\u1ebft k\u1ebf th\u00f4ng qua ph\u00e1t hi\u1ec7n h\u1ed3ng ngo\u1ea1i ho\u1eb7c gi\u1edbi h\u1ea1n c\u01a1 h\u1ecdc \u0111\u1ec3 ng\u0103n ch\u1eb7n hi\u1ec7u qu\u1ea3 nhi\u1ec1u ng\u01b0\u1eddi theo d\u00f5i v\u00e0 x\u00e2m nh\u1eadp."},"content":{"rendered":"","protected":false},"excerpt":{"rendered":"<p>10. Ph\u01b0\u01a1ng ph\u00e1p \u0111\u1ea7u v\u00e0o t\u00edn hi\u1ec7u m\u1edf c\u1eeda n\u00e0o m\u00e0 c\u1ed5ng ho\u1ea3y n\u00e0y h\u1ed7 tr\u1ee3?<\/p>","protected":false},"featured_media":4442,"comment_status":"closed","ping_status":"closed","template":"","meta":[],"product_brand":[],"product_cat":[53,19],"product_tag":[],"class_list":{"0":"post-4441","1":"product","2":"type-product","3":"status-publish","4":"has-post-thumbnail","6":"product_cat-swing-turnstile-gate","7":"product_cat-turnstile-gate","9":"first","10":"instock","11":"shipping-taxable","12":"product-type-simple"},"_links":{"self":[{"href":"https:\/\/www.sztigerwong.com\/vi\/wp-json\/wp\/v2\/product\/4441","targetHints":{"allow":["GET"]}}],"collection":[{"href":"https:\/\/www.sztigerwong.com\/vi\/wp-json\/wp\/v2\/product"}],"about":[{"href":"https:\/\/www.sztigerwong.com\/vi\/wp-json\/wp\/v2\/types\/product"}],"replies":[{"embeddable":true,"href":"https:\/\/www.sztigerwong.com\/vi\/wp-json\/wp\/v2\/comments?post=4441"}],"wp:featuredmedia":[{"embeddable":true,"href":"https:\/\/www.sztigerwong.com\/vi\/wp-json\/wp\/v2\/media\/4442"}],"wp:attachment":[{"href":"https:\/\/www.sztigerwong.com\/vi\/wp-json\/wp\/v2\/media?parent=4441"}],"wp:term":[{"taxonomy":"product_brand","embeddable":true,"href":"https:\/\/www.sztigerwong.com\/vi\/wp-json\/wp\/v2\/product_brand?post=4441"},{"taxonomy":"product_cat","embeddable":true,"href":"https:\/\/www.sztigerwong.com\/vi\/wp-json\/wp\/v2\/product_cat?post=4441"},{"taxonomy":"product_tag","embeddable":true,"href":"https:\/\/www.sztigerwong.com\/vi\/wp-json\/wp\/v2\/product_tag?post=4441"}],"curies":[{"name":"WP","href":"https:\/\/api.w.org\/{rel}","templated":true}]}}