{"id":4399,"date":"2025-08-28T17:15:31","date_gmt":"2025-08-28T09:15:31","guid":{"rendered":"https:\/\/www.sztigerwong.com\/?post_type=product&#038;p=4399"},"modified":"2025-08-28T17:28:51","modified_gmt":"2025-08-28T09:28:51","slug":"swing-turnstile-gate-tgw-lst006-2","status":"publish","type":"product","link":"https:\/\/www.sztigerwong.com\/vi\/product\/swing-turnstile-gate-tgw-lst006-2\/","title":{"rendered":"C\u1ed5ng quay swing &#8211; S\u1ea3n ph\u1ea9m TGW-LST006"},"content":{"rendered":"","protected":false},"excerpt":{"rendered":"<p>TGW-LST006 l\u00e0 m\u1ed9t c\u1ed5ng swing nh\u1ecf th\u00f4ng minh \u0111\u01b0\u1ee3c thi\u1ebft k\u1ebf cho tr\u01b0\u1eddng m\u1eabu gi\u00e1o. N\u00f3 t\u00edch h\u1ee3p b\u1ea3o v\u1ec7 an to\u00e0n, t\u01b0\u01a1ng t\u00e1c th\u00fa v\u1ecb v\u00e0 qu\u1ea3n l\u00fd thu\u1eadn ti\u1ec7n. N\u00f3 cung c\u1ea5p cho tr\u1ebb em m\u1ed9t k\u00eanh truy c\u1eadp an to\u00e0n v\u00e0 c\u00f3 tr\u1eadt t\u1ef1 trong khi gi\u1ea3m \u00e1p l\u1ef1c qu\u1ea3n l\u00fd c\u1ee7a tr\u01b0\u1eddng m\u1eabu gi\u00e1o. Thi\u1ebft k\u1ebf ch\u1ed1ng va ch\u1ea1m tr\u00f2n nh\u1eafc nh\u1edf \u00e1nh s\u00e1ng d\u1ec5 th\u01b0\u01a1ng l\u00e0m cho \u0111\u01b0\u1eddng \u0111i an to\u00e0n v\u00e0 th\u00fa v\u1ecb!<\/p>","protected":false},"featured_media":4400,"comment_status":"closed","ping_status":"closed","template":"","meta":[],"product_brand":[],"product_cat":[53,19],"product_tag":[],"class_list":{"0":"post-4399","1":"product","2":"type-product","3":"status-publish","4":"has-post-thumbnail","6":"product_cat-swing-turnstile-gate","7":"product_cat-turnstile-gate","9":"first","10":"instock","11":"shipping-taxable","12":"product-type-simple"},"_links":{"self":[{"href":"https:\/\/www.sztigerwong.com\/vi\/wp-json\/wp\/v2\/product\/4399","targetHints":{"allow":["GET"]}}],"collection":[{"href":"https:\/\/www.sztigerwong.com\/vi\/wp-json\/wp\/v2\/product"}],"about":[{"href":"https:\/\/www.sztigerwong.com\/vi\/wp-json\/wp\/v2\/types\/product"}],"replies":[{"embeddable":true,"href":"https:\/\/www.sztigerwong.com\/vi\/wp-json\/wp\/v2\/comments?post=4399"}],"wp:featuredmedia":[{"embeddable":true,"href":"https:\/\/www.sztigerwong.com\/vi\/wp-json\/wp\/v2\/media\/4400"}],"wp:attachment":[{"href":"https:\/\/www.sztigerwong.com\/vi\/wp-json\/wp\/v2\/media?parent=4399"}],"wp:term":[{"taxonomy":"product_brand","embeddable":true,"href":"https:\/\/www.sztigerwong.com\/vi\/wp-json\/wp\/v2\/product_brand?post=4399"},{"taxonomy":"product_cat","embeddable":true,"href":"https:\/\/www.sztigerwong.com\/vi\/wp-json\/wp\/v2\/product_cat?post=4399"},{"taxonomy":"product_tag","embeddable":true,"href":"https:\/\/www.sztigerwong.com\/vi\/wp-json\/wp\/v2\/product_tag?post=4399"}],"curies":[{"name":"WP","href":"https:\/\/api.w.org\/{rel}","templated":true}]}}