{"id":4087,"date":"2025-07-29T10:53:53","date_gmt":"2025-07-29T02:53:53","guid":{"rendered":"https:\/\/www.sztigerwong.com\/?post_type=product&#038;p=4087"},"modified":"2025-07-29T14:46:58","modified_gmt":"2025-07-29T06:46:58","slug":"tripod-turnstile-gate-tgw-tt002-2-2-2-2-2-2-2-2-2","status":"publish","type":"product","link":"https:\/\/www.sztigerwong.com\/vi\/product\/tripod-turnstile-gate-tgw-tt002-2-2-2-2-2-2-2-2-2\/","title":{"rendered":"C\u1ed5ng ba ch\u00e2n \u0111\u01b0\u1ee3c thi\u1ebft k\u1ebf \u0111\u1ed9c \u0111\u00e1o c\u00f3 k\u00edch th\u01b0\u1edbc nh\u1ecf v\u00e0 h\u1ed7 tr\u1ee3 c\u00e1c h\u1ec7 th\u1ed1ng ki\u1ec3m so\u00e1t truy c\u1eadp kh\u00e1c nhau."},"content":{"rendered":"","protected":false},"excerpt":{"rendered":"<p>TGW-TT013 l\u00e0 m\u1ed9t thi\u1ebft b\u1ecb qu\u1ea3n l\u00fd k\u00eanh cao c\u1ea5p v\u1edbi thi\u1ebft k\u1ebf khung b\u00e1n tr\u00f2n h\u1ee3p l\u00fd, k\u1ebft h\u1ee3p th\u1ea9m m\u1ef9 v\u00e0 ch\u1ee9c n\u0103ng. H\u00ecnh d\u1ea1ng cung \u0111\u1ed9c \u0111\u00e1o c\u1ee7a n\u00f3 \u0111\u01b0\u1ee3c t\u00edch h\u1ee3p ho\u00e0n h\u1ea3o v\u1edbi phong c\u00e1ch ki\u1ebfn tr\u00fac hi\u1ec7n \u0111\u1ea1i. N\u00f3 ph\u00f9 h\u1ee3p v\u1edbi c\u00e1c n\u01a1i c\u00f3 y\u00eau c\u1ea7u th\u1ea9m m\u1ef9 cao nh\u01b0 trung t\u00e2m mua s\u1eafm, t\u00f2a nh\u00e0 v\u0103n ph\u00f2ng, \u0111\u1ecba \u0111i\u1ec3m \u0111\u1eb9p c\u1ea3nh, ga t\u00e0u \u0111i\u1ec7n ng\u1ea7m, v.v., c\u00f3 th\u1ec3 c\u1ea3i thi\u1ec7n l\u1edbp t\u1ed5ng th\u1ec3 c\u1ee7a m\u00f4i tr\u01b0\u1eddng trong khi \u0111\u1ea3m b\u1ea3o ki\u1ec3m so\u00e1t an to\u00e0n.<\/p>","protected":false},"featured_media":4088,"comment_status":"closed","ping_status":"closed","template":"","meta":[],"product_brand":[],"product_cat":[54,19],"product_tag":[],"class_list":{"0":"post-4087","1":"product","2":"type-product","3":"status-publish","4":"has-post-thumbnail","6":"product_cat-tripod-turnstile-gate","7":"product_cat-turnstile-gate","9":"first","10":"instock","11":"shipping-taxable","12":"product-type-simple"},"_links":{"self":[{"href":"https:\/\/www.sztigerwong.com\/vi\/wp-json\/wp\/v2\/product\/4087","targetHints":{"allow":["GET"]}}],"collection":[{"href":"https:\/\/www.sztigerwong.com\/vi\/wp-json\/wp\/v2\/product"}],"about":[{"href":"https:\/\/www.sztigerwong.com\/vi\/wp-json\/wp\/v2\/types\/product"}],"replies":[{"embeddable":true,"href":"https:\/\/www.sztigerwong.com\/vi\/wp-json\/wp\/v2\/comments?post=4087"}],"wp:featuredmedia":[{"embeddable":true,"href":"https:\/\/www.sztigerwong.com\/vi\/wp-json\/wp\/v2\/media\/4088"}],"wp:attachment":[{"href":"https:\/\/www.sztigerwong.com\/vi\/wp-json\/wp\/v2\/media?parent=4087"}],"wp:term":[{"taxonomy":"product_brand","embeddable":true,"href":"https:\/\/www.sztigerwong.com\/vi\/wp-json\/wp\/v2\/product_brand?post=4087"},{"taxonomy":"product_cat","embeddable":true,"href":"https:\/\/www.sztigerwong.com\/vi\/wp-json\/wp\/v2\/product_cat?post=4087"},{"taxonomy":"product_tag","embeddable":true,"href":"https:\/\/www.sztigerwong.com\/vi\/wp-json\/wp\/v2\/product_tag?post=4087"}],"curies":[{"name":"WP","href":"https:\/\/api.w.org\/{rel}","templated":true}]}}