{"id":4081,"date":"2025-07-28T17:43:18","date_gmt":"2025-07-28T09:43:18","guid":{"rendered":"https:\/\/www.sztigerwong.com\/?post_type=product&#038;p=4081"},"modified":"2025-07-28T17:43:18","modified_gmt":"2025-07-28T09:43:18","slug":"tripod-turnstile-gate-tgw-tt002-2-2-2-2-2-2-2-2","status":"publish","type":"product","link":"https:\/\/www.sztigerwong.com\/vi\/product\/tripod-turnstile-gate-tgw-tt002-2-2-2-2-2-2-2-2\/","title":{"rendered":"C\u1ed5ng quay ba ch\u00e2n - TGW-TT003 - TigerWong"},"content":{"rendered":"","protected":false},"excerpt":{"rendered":"<p>TGW-TT012 l\u00e0 m\u1ed9t thi\u1ebft b\u1ecb qu\u1ea3n l\u00fd k\u00eanh nh\u1ecf g\u1ecdn, \u1ed5n \u0111\u1ecbnh v\u00e0 \u0111\u00e1ng tin c\u1eady v\u1edbi thi\u1ebft k\u1ebf c\u1ed9t \u0111\u00f4i, c\u00f3 \u0111\u1ed9 b\u1ec1n cao, b\u1ea3o m\u1eadt cao v\u00e0 \u0111i\u1ec1u khi\u1ec3n th\u00f4ng minh. N\u00f3 ph\u00f9 h\u1ee3p cho c\u00e1c n\u01a1i y\u00eau c\u1ea7u ki\u1ec3m so\u00e1t nh\u00e2n s\u1ef1 hi\u1ec7u qu\u1ea3, ch\u1eb3ng h\u1ea1n nh\u01b0 t\u00e0u \u0111i\u1ec7n ng\u1ea7m, s\u00e2n bay, t\u00f2a nh\u00e0 v\u0103n ph\u00f2ng, nh\u00e0 m\u00e1y, khu\u00f4n vi\u00ean tr\u01b0\u1eddng, v.v., \u0111\u1ec3 \u0111\u1ea1t \u0111\u01b0\u1ee3c ch\u00ednh x\u00e1c qu\u1ea3n l\u00fd giao th\u00f4ng m\u1ed9t chi\u1ec1u ho\u1eb7c hai chi\u1ec1u v\u00e0 c\u1ea3i thi\u1ec7n m\u1ee9c \u0111\u1ed9 an ninh hi\u1ec7u qu\u1ea3.<\/p>","protected":false},"featured_media":4082,"comment_status":"closed","ping_status":"closed","template":"","meta":[],"product_brand":[],"product_cat":[54,19],"product_tag":[],"class_list":{"0":"post-4081","1":"product","2":"type-product","3":"status-publish","4":"has-post-thumbnail","6":"product_cat-tripod-turnstile-gate","7":"product_cat-turnstile-gate","9":"first","10":"instock","11":"shipping-taxable","12":"product-type-simple"},"_links":{"self":[{"href":"https:\/\/www.sztigerwong.com\/vi\/wp-json\/wp\/v2\/product\/4081","targetHints":{"allow":["GET"]}}],"collection":[{"href":"https:\/\/www.sztigerwong.com\/vi\/wp-json\/wp\/v2\/product"}],"about":[{"href":"https:\/\/www.sztigerwong.com\/vi\/wp-json\/wp\/v2\/types\/product"}],"replies":[{"embeddable":true,"href":"https:\/\/www.sztigerwong.com\/vi\/wp-json\/wp\/v2\/comments?post=4081"}],"wp:featuredmedia":[{"embeddable":true,"href":"https:\/\/www.sztigerwong.com\/vi\/wp-json\/wp\/v2\/media\/4082"}],"wp:attachment":[{"href":"https:\/\/www.sztigerwong.com\/vi\/wp-json\/wp\/v2\/media?parent=4081"}],"wp:term":[{"taxonomy":"product_brand","embeddable":true,"href":"https:\/\/www.sztigerwong.com\/vi\/wp-json\/wp\/v2\/product_brand?post=4081"},{"taxonomy":"product_cat","embeddable":true,"href":"https:\/\/www.sztigerwong.com\/vi\/wp-json\/wp\/v2\/product_cat?post=4081"},{"taxonomy":"product_tag","embeddable":true,"href":"https:\/\/www.sztigerwong.com\/vi\/wp-json\/wp\/v2\/product_tag?post=4081"}],"curies":[{"name":"WP","href":"https:\/\/api.w.org\/{rel}","templated":true}]}}