{"id":4075,"date":"2025-07-28T15:06:20","date_gmt":"2025-07-28T07:06:20","guid":{"rendered":"https:\/\/www.sztigerwong.com\/?post_type=product&#038;p=4075"},"modified":"2025-07-28T15:06:20","modified_gmt":"2025-07-28T07:06:20","slug":"tripod-turnstile-gate-tgw-tt002-2-2-2-2-2-2-2","status":"publish","type":"product","link":"https:\/\/www.sztigerwong.com\/vi\/product\/tripod-turnstile-gate-tgw-tt002-2-2-2-2-2-2-2\/","title":{"rendered":"V\u00e2ng, ch\u00fang t\u00f4i c\u00f3 ph\u1ea7n m\u1ec1m cho c\u00e1c h\u1ec7 th\u1ed1ng \u0111\u1ed7 xe kh\u00e1c nhau."},"content":{"rendered":"","protected":false},"excerpt":{"rendered":"<p>T\u00ecm c\u00e2u tr\u1ea3 l\u1eddi cho c\u00e1c c\u00e2u h\u1ecfi ph\u1ed5 bi\u1ebfn v\u1ec1 h\u1ec7 th\u1ed1ng \u0111\u1ed7 xe TigerWong bao g\u1ed3m c\u00e0i \u0111\u1eb7t, t\u00f9y ch\u1ec9nh, ph\u01b0\u01a1ng ph\u00e1p thanh to\u00e1n v\u00e0 th\u00f4ng s\u1ed1 k\u1ef9 thu\u1eadt.<\/p>","protected":false},"featured_media":4076,"comment_status":"closed","ping_status":"closed","template":"","meta":[],"product_brand":[],"product_cat":[54,19],"product_tag":[],"class_list":{"0":"post-4075","1":"product","2":"type-product","3":"status-publish","4":"has-post-thumbnail","6":"product_cat-tripod-turnstile-gate","7":"product_cat-turnstile-gate","9":"first","10":"instock","11":"shipping-taxable","12":"product-type-simple"},"_links":{"self":[{"href":"https:\/\/www.sztigerwong.com\/vi\/wp-json\/wp\/v2\/product\/4075","targetHints":{"allow":["GET"]}}],"collection":[{"href":"https:\/\/www.sztigerwong.com\/vi\/wp-json\/wp\/v2\/product"}],"about":[{"href":"https:\/\/www.sztigerwong.com\/vi\/wp-json\/wp\/v2\/types\/product"}],"replies":[{"embeddable":true,"href":"https:\/\/www.sztigerwong.com\/vi\/wp-json\/wp\/v2\/comments?post=4075"}],"wp:featuredmedia":[{"embeddable":true,"href":"https:\/\/www.sztigerwong.com\/vi\/wp-json\/wp\/v2\/media\/4076"}],"wp:attachment":[{"href":"https:\/\/www.sztigerwong.com\/vi\/wp-json\/wp\/v2\/media?parent=4075"}],"wp:term":[{"taxonomy":"product_brand","embeddable":true,"href":"https:\/\/www.sztigerwong.com\/vi\/wp-json\/wp\/v2\/product_brand?post=4075"},{"taxonomy":"product_cat","embeddable":true,"href":"https:\/\/www.sztigerwong.com\/vi\/wp-json\/wp\/v2\/product_cat?post=4075"},{"taxonomy":"product_tag","embeddable":true,"href":"https:\/\/www.sztigerwong.com\/vi\/wp-json\/wp\/v2\/product_tag?post=4075"}],"curies":[{"name":"WP","href":"https:\/\/api.w.org\/{rel}","templated":true}]}}