{"id":4056,"date":"2025-07-28T11:53:17","date_gmt":"2025-07-28T03:53:17","guid":{"rendered":"https:\/\/www.sztigerwong.com\/?post_type=product&#038;p=4056"},"modified":"2025-07-28T11:53:17","modified_gmt":"2025-07-28T03:53:17","slug":"wing-wings-turnstile-gate-tgw-wt001-2","status":"publish","type":"product","link":"https:\/\/www.sztigerwong.com\/vi\/product\/wing-wings-turnstile-gate-tgw-wt001-2\/","title":{"rendered":"Trong t\u01b0\u01a1ng lai, ch\u00fang t\u00f4i s\u1ebd ti\u1ebfp t\u1ee5c m\u1edf r\u1ed9ng \u0111\u1ed9i ng\u0169, t\u1eadp h\u1ee3p s\u1ee9c m\u1ea1nh c\u1ee7a ch\u00fang t\u00f4i, \u0111\u1ed5i m\u1edbi c\u00f4ng ngh\u1ec7 v\u00e0 th\u00fac \u0111\u1ea9y s\u1ef1 ph\u00e1t tri\u1ec3n c\u1ee7a ng\u00e0nh c\u00f4ng nghi\u1ec7p. Ch\u00fang t\u00f4i s\u1ebd s\u1eed d\u1ee5ng c\u00e1c gi\u1ea3i ph\u00e1p \u0111\u1ed7 xe th\u00f4ng minh thu\u1eadn ti\u1ec7n v\u00e0 hi\u1ec7u qu\u1ea3 h\u01a1n \u0111\u1ec3 gi\u1ea3i ph\u00f3ng kh\u00f4ng gian \u0111\u00f4 th\u1ecb, gi\u1ea3i quy\u1ebft v\u1ea5n \u0111\u1ec1 \u0111\u1ed7 xe v\u00e0 c\u1ea3i thi\u1ec7n cu\u1ed9c s\u1ed1ng \u0111\u00f4 th\u1ecb."},"content":{"rendered":"","protected":false},"excerpt":{"rendered":"<p>TigerWong cung c\u1ea5p d\u1ecbch v\u1ee5 OEM ho\u00e0n ch\u1ec9nh cho c\u00e1c h\u1ec7 th\u1ed1ng \u0111\u1ed7 xe bao g\u1ed3m t\u00f9y ch\u1ec9nh s\u1ea3n ph\u1ea9m, ph\u00e1t tri\u1ec3n ph\u1ea7n m\u1ec1m v\u00e0 c\u00e1c gi\u1ea3i ph\u00e1p t\u00edch h\u1ee3p h\u1ec7 th\u1ed1ng c\u1ee7a b\u00ean th\u1ee9 ba.<\/p>","protected":false},"featured_media":4060,"comment_status":"open","ping_status":"closed","template":"","meta":[],"product_brand":[],"product_cat":[48,19],"product_tag":[],"class_list":{"0":"post-4056","1":"product","2":"type-product","3":"status-publish","4":"has-post-thumbnail","6":"product_cat-flap-wings-turnstile-gate","7":"product_cat-turnstile-gate","9":"first","10":"instock","11":"shipping-taxable","12":"product-type-simple"},"_links":{"self":[{"href":"https:\/\/www.sztigerwong.com\/vi\/wp-json\/wp\/v2\/product\/4056","targetHints":{"allow":["GET"]}}],"collection":[{"href":"https:\/\/www.sztigerwong.com\/vi\/wp-json\/wp\/v2\/product"}],"about":[{"href":"https:\/\/www.sztigerwong.com\/vi\/wp-json\/wp\/v2\/types\/product"}],"replies":[{"embeddable":true,"href":"https:\/\/www.sztigerwong.com\/vi\/wp-json\/wp\/v2\/comments?post=4056"}],"wp:featuredmedia":[{"embeddable":true,"href":"https:\/\/www.sztigerwong.com\/vi\/wp-json\/wp\/v2\/media\/4060"}],"wp:attachment":[{"href":"https:\/\/www.sztigerwong.com\/vi\/wp-json\/wp\/v2\/media?parent=4056"}],"wp:term":[{"taxonomy":"product_brand","embeddable":true,"href":"https:\/\/www.sztigerwong.com\/vi\/wp-json\/wp\/v2\/product_brand?post=4056"},{"taxonomy":"product_cat","embeddable":true,"href":"https:\/\/www.sztigerwong.com\/vi\/wp-json\/wp\/v2\/product_cat?post=4056"},{"taxonomy":"product_tag","embeddable":true,"href":"https:\/\/www.sztigerwong.com\/vi\/wp-json\/wp\/v2\/product_tag?post=4056"}],"curies":[{"name":"WP","href":"https:\/\/api.w.org\/{rel}","templated":true}]}}