{"id":3870,"date":"2025-07-10T13:48:26","date_gmt":"2025-07-10T05:48:26","guid":{"rendered":"https:\/\/www.sztigerwong.com\/?post_type=product&#038;p=3870"},"modified":"2025-07-23T13:35:03","modified_gmt":"2025-07-23T05:35:03","slug":"tripod-turnstile-gate-tgw-tt002-2-2-2-2","status":"publish","type":"product","link":"https:\/\/www.sztigerwong.com\/vi\/product\/tripod-turnstile-gate-tgw-tt002-2-2-2-2\/","title":{"rendered":"LST010-3"},"content":{"rendered":"","protected":false},"excerpt":{"rendered":"<p>TGW-TT006 s\u1eed d\u1ee5ng h\u1ed9p th\u00e9p kh\u00f4ng g\u1ec9 304 v\u1edbi c\u1ea5u tr\u00fac b\u1ec1n v\u1eefng v\u00e0 b\u1ec1n. N\u00f3 h\u1ed7 tr\u1ee3 nhi\u1ec1u ph\u01b0\u01a1ng ph\u00e1p x\u00e1c minh nh\u01b0 th\u1ebb IC, th\u1ebb ID, m\u00e3 QR, v.v. N\u00f3 c\u00f3 th\u1ec3 \u0111\u01b0\u1ee3c \u0111\u1eb7t v\u00e0o ch\u1ebf \u0111\u1ed9 th\u00f4ng qua m\u1ed9t chi\u1ec1u ho\u1eb7c hai chi\u1ec1u. Khi t\u1eaft \u0111i\u1ec7n, ba con l\u0103n c\u00f3 th\u1ec3 \u0111\u01b0\u1ee3c \u0111\u1ea9y th\u1ee7 c\u00f4ng \u0111\u1ec3 quay \u0111\u1ec3 \u0111\u1ea3m b\u1ea3o nhu c\u1ea7u th\u00f4ng qua trong t\u00ecnh hu\u1ed1ng kh\u1ea9n c\u1ea5p. N\u00f3 ph\u00f9 h\u1ee3p cho c\u00e1c ga t\u00e0u \u0111i\u1ec7n ng\u1ea7m, nh\u00e0 m\u00e1y, t\u00f2a nh\u00e0 v\u0103n ph\u00f2ng v\u00e0 c\u00e1c n\u01a1i kh\u00e1c.<\/p>","protected":false},"featured_media":3976,"comment_status":"closed","ping_status":"closed","template":"","meta":[],"product_brand":[],"product_cat":[54,19],"product_tag":[],"class_list":{"0":"post-3870","1":"product","2":"type-product","3":"status-publish","4":"has-post-thumbnail","6":"product_cat-tripod-turnstile-gate","7":"product_cat-turnstile-gate","9":"first","10":"instock","11":"shipping-taxable","12":"product-type-simple"},"_links":{"self":[{"href":"https:\/\/www.sztigerwong.com\/vi\/wp-json\/wp\/v2\/product\/3870","targetHints":{"allow":["GET"]}}],"collection":[{"href":"https:\/\/www.sztigerwong.com\/vi\/wp-json\/wp\/v2\/product"}],"about":[{"href":"https:\/\/www.sztigerwong.com\/vi\/wp-json\/wp\/v2\/types\/product"}],"replies":[{"embeddable":true,"href":"https:\/\/www.sztigerwong.com\/vi\/wp-json\/wp\/v2\/comments?post=3870"}],"wp:featuredmedia":[{"embeddable":true,"href":"https:\/\/www.sztigerwong.com\/vi\/wp-json\/wp\/v2\/media\/3976"}],"wp:attachment":[{"href":"https:\/\/www.sztigerwong.com\/vi\/wp-json\/wp\/v2\/media?parent=3870"}],"wp:term":[{"taxonomy":"product_brand","embeddable":true,"href":"https:\/\/www.sztigerwong.com\/vi\/wp-json\/wp\/v2\/product_brand?post=3870"},{"taxonomy":"product_cat","embeddable":true,"href":"https:\/\/www.sztigerwong.com\/vi\/wp-json\/wp\/v2\/product_cat?post=3870"},{"taxonomy":"product_tag","embeddable":true,"href":"https:\/\/www.sztigerwong.com\/vi\/wp-json\/wp\/v2\/product_tag?post=3870"}],"curies":[{"name":"WP","href":"https:\/\/api.w.org\/{rel}","templated":true}]}}