{"id":3831,"date":"2025-07-08T11:23:01","date_gmt":"2025-07-08T03:23:01","guid":{"rendered":"https:\/\/www.sztigerwong.com\/?post_type=product&#038;p=3831"},"modified":"2025-07-23T15:30:31","modified_gmt":"2025-07-23T07:30:31","slug":"tripod-turnstile-gate-tgw-tt002-2","status":"publish","type":"product","link":"https:\/\/www.sztigerwong.com\/vi\/product\/tripod-turnstile-gate-tgw-tt002-2\/","title":{"rendered":"C\u1ed5ng quay ch\u00e2n ba &#8211; S\u1ea3n ph\u1ea9m TGW-TT003"},"content":{"rendered":"","protected":false},"excerpt":{"rendered":"<p>TGW-TT003 l\u00e0 m\u1ed9t c\u1eeda quay ba con l\u0103n th\u00f4ng minh \u0111\u01b0\u1ee3c thi\u1ebft k\u1ebf cho c\u00e1c k\u1ecbch b\u1ea3n qu\u1ea3n l\u00fd v\u00e9 nh\u01b0 c\u00e1c \u0111i\u1ec3m \u0111\u1eb9p c\u1ea3nh, r\u1ea1p h\u00e1t v\u00e0 ga. N\u00f3 t\u00edch h\u1ee3p x\u00e1c minh v\u00e9, \u0111\u1ebfm \u0111\u00e1m \u0111\u00f4ng v\u00e0 x\u00e1c \u0111\u1ecbnh ch\u1ed1ng gi\u1ea3 m\u1ea1o \u0111\u1ec3 \u0111\u1ea1t \u0111\u01b0\u1ee3c k\u1ebft n\u1ed1i li\u1ec1n m\u1ea1ch gi\u1eefa h\u1ec7 th\u1ed1ng b\u00e1n v\u00e9 v\u00e0 ki\u1ec3m so\u00e1t k\u00eanh, v\u00e0 lo\u1ea1i b\u1ecf hi\u1ec7u qu\u1ea3 l\u1ed7 h\u1ed5ng qu\u1ea3n l\u00fd nh\u01b0 x\u00e2m nh\u1eadp m\u00e0 kh\u00f4ng c\u00f3 v\u00e9 v\u00e0 nhi\u1ec1u c\u00e1ch s\u1eed d\u1ee5ng m\u1ed9t v\u00e9.<\/p>","protected":false},"featured_media":4015,"comment_status":"closed","ping_status":"closed","template":"","meta":[],"product_brand":[],"product_cat":[54,19],"product_tag":[],"class_list":{"0":"post-3831","1":"product","2":"type-product","3":"status-publish","4":"has-post-thumbnail","6":"product_cat-tripod-turnstile-gate","7":"product_cat-turnstile-gate","9":"first","10":"instock","11":"shipping-taxable","12":"product-type-simple"},"_links":{"self":[{"href":"https:\/\/www.sztigerwong.com\/vi\/wp-json\/wp\/v2\/product\/3831","targetHints":{"allow":["GET"]}}],"collection":[{"href":"https:\/\/www.sztigerwong.com\/vi\/wp-json\/wp\/v2\/product"}],"about":[{"href":"https:\/\/www.sztigerwong.com\/vi\/wp-json\/wp\/v2\/types\/product"}],"replies":[{"embeddable":true,"href":"https:\/\/www.sztigerwong.com\/vi\/wp-json\/wp\/v2\/comments?post=3831"}],"wp:featuredmedia":[{"embeddable":true,"href":"https:\/\/www.sztigerwong.com\/vi\/wp-json\/wp\/v2\/media\/4015"}],"wp:attachment":[{"href":"https:\/\/www.sztigerwong.com\/vi\/wp-json\/wp\/v2\/media?parent=3831"}],"wp:term":[{"taxonomy":"product_brand","embeddable":true,"href":"https:\/\/www.sztigerwong.com\/vi\/wp-json\/wp\/v2\/product_brand?post=3831"},{"taxonomy":"product_cat","embeddable":true,"href":"https:\/\/www.sztigerwong.com\/vi\/wp-json\/wp\/v2\/product_cat?post=3831"},{"taxonomy":"product_tag","embeddable":true,"href":"https:\/\/www.sztigerwong.com\/vi\/wp-json\/wp\/v2\/product_tag?post=3831"}],"curies":[{"name":"WP","href":"https:\/\/api.w.org\/{rel}","templated":true}]}}