{"id":3606,"date":"2025-06-03T11:43:31","date_gmt":"2025-06-03T03:43:31","guid":{"rendered":"https:\/\/www.sztigerwong.com\/?post_type=product&#038;p=3606"},"modified":"2025-06-05T16:59:58","modified_gmt":"2025-06-05T08:59:58","slug":"full-height-turnstile-tgw-fh001","status":"publish","type":"product","link":"https:\/\/www.sztigerwong.com\/vi\/product\/full-height-turnstile-tgw-fh001\/","title":{"rendered":"TGW-LST022 \u00e1p d\u1ee5ng khung th\u00e9p kh\u00f4ng g\u1ec9 304 c\u01b0\u1eddng \u0111\u1ed9 cao v\u1edbi baffle acrylic trong su\u1ed1t, t\u00edch h\u1ee3p \u0111\u1ed9 b\u1ec1n, an to\u00e0n v\u00e0 thi\u1ebft k\u1ebf hi\u1ec7n \u0111\u1ea1i, v\u00e0 \u0111\u01b0\u1ee3c s\u1eed d\u1ee5ng r\u1ed9ng r\u00e3i \u1edf c\u00e1c n\u01a1i \u0111\u00f2i h\u1ecfi qu\u1ea3n l\u00fd giao th\u00f4ng hi\u1ec7u qu\u1ea3, ch\u1eb3ng h\u1ea1n nh\u01b0 t\u00e0u \u0111i\u1ec7n ng\u1ea7m, t\u00f2a nh\u00e0 imezimwaice, \u0111i\u1ec3m \u0111\u1eb9p c\u1ea3nh v\u00e0 \u0111\u1ecba \u0111i\u1ec3m. S\u1ea3n ph\u1ea9m cung c\u1ea5p cho ng\u01b0\u1eddi d\u00f9ng c\u00e1c gi\u1ea3i ph\u00e1p qu\u1ea3n l\u00fd truy c\u1eadp hi\u1ec7u qu\u1ea3 v\u1ec1 chi ph\u00ed v\u1edbi \u0111i\u1ec1u khi\u1ec3n c\u01a1 h\u1ecdc ch\u00ednh x\u00e1c, tr\u1ea3i nghi\u1ec7m th\u1ecb gi\u00e1c thanh l\u1ecbch v\u00e0 c\u00e1c t\u00f9y ch\u1ecdn c\u1ea5u h\u00ecnh linh ho\u1ea1t."},"content":{"rendered":"","protected":false},"excerpt":{"rendered":"<p>S\u1ea3n ph\u1ea9m TGW-LST022<\/p>","protected":false},"featured_media":3615,"comment_status":"open","ping_status":"closed","template":"","meta":[],"product_brand":[],"product_cat":[49,19],"product_tag":[],"class_list":{"0":"post-3606","1":"product","2":"type-product","3":"status-publish","4":"has-post-thumbnail","6":"product_cat-full-height-turnstile","7":"product_cat-turnstile-gate","9":"first","10":"instock","11":"shipping-taxable","12":"product-type-simple"},"_links":{"self":[{"href":"https:\/\/www.sztigerwong.com\/vi\/wp-json\/wp\/v2\/product\/3606","targetHints":{"allow":["GET"]}}],"collection":[{"href":"https:\/\/www.sztigerwong.com\/vi\/wp-json\/wp\/v2\/product"}],"about":[{"href":"https:\/\/www.sztigerwong.com\/vi\/wp-json\/wp\/v2\/types\/product"}],"replies":[{"embeddable":true,"href":"https:\/\/www.sztigerwong.com\/vi\/wp-json\/wp\/v2\/comments?post=3606"}],"wp:featuredmedia":[{"embeddable":true,"href":"https:\/\/www.sztigerwong.com\/vi\/wp-json\/wp\/v2\/media\/3615"}],"wp:attachment":[{"href":"https:\/\/www.sztigerwong.com\/vi\/wp-json\/wp\/v2\/media?parent=3606"}],"wp:term":[{"taxonomy":"product_brand","embeddable":true,"href":"https:\/\/www.sztigerwong.com\/vi\/wp-json\/wp\/v2\/product_brand?post=3606"},{"taxonomy":"product_cat","embeddable":true,"href":"https:\/\/www.sztigerwong.com\/vi\/wp-json\/wp\/v2\/product_cat?post=3606"},{"taxonomy":"product_tag","embeddable":true,"href":"https:\/\/www.sztigerwong.com\/vi\/wp-json\/wp\/v2\/product_tag?post=3606"}],"curies":[{"name":"WP","href":"https:\/\/api.w.org\/{rel}","templated":true}]}}