{"id":3583,"date":"2025-05-30T19:27:43","date_gmt":"2025-05-30T11:27:43","guid":{"rendered":"https:\/\/www.sztigerwong.com\/?post_type=product&#038;p=3583"},"modified":"2025-10-31T10:02:34","modified_gmt":"2025-10-31T02:02:34","slug":"drop-arm-gate-tgw-da011","status":"publish","type":"product","link":"https:\/\/www.sztigerwong.com\/vi\/product\/drop-arm-gate-tgw-da011\/","title":{"rendered":"H\u1ec7 th\u1ed1ng \u0111\u1ed7 xe th\u1ebb RFID TGW-VS01 cung c\u1ea5p \u0111\u1ed9 b\u1ec1n h\u00e0ng \u0111\u1ea7u v\u00e0 t\u00edch h\u1ee3p li\u1ec1n m\u1ea1ch. \u0110\u01b0\u1ee3c ch\u1ebf t\u1ea1o b\u1eb1ng s\u1eaft v\u1edbi m\u1ed9t x\u00e2y d\u1ef1ng ch\u1ed1ng th\u1ea5m n\u01b0\u1edbc, n\u00f3 l\u1eafp \u0111\u1eb7t d\u1ec5 d\u00e0ng v\u00e0 ph\u00f9 h\u1ee3p v\u1edbi b\u00e3i \u0111\u1eadu xe, c\u1ed5ng c\u1ed9ng \u0111\u1ed3ng. N\u00f3 k\u1ebft h\u1ee3p ho\u00e0n h\u1ea3o v\u1edbi c\u00f4ng nh\u1eadn bi\u1ec3n s\u1ed1 v\u00e0 c\u1ed5ng r\u00e0o c\u1ea3n c\u1ee7a ch\u00fang t\u00f4i, h\u1ee3p l\u00fd h\u00f3a qu\u1ea3n l\u00fd, t\u0103ng c\u01b0\u1eddng an ninh v\u00e0 t\u0103ng hi\u1ec7u qu\u1ea3."},"content":{"rendered":"","protected":false},"excerpt":{"rendered":"<p>TGW-FH001D c\u00f3 thi\u1ebft k\u1ebf r\u00e0o c\u1ea3n ba chi\u1ec1u cao h\u01a1n 2 m\u00e9t, t\u1ea1o th\u00e0nh m\u1ed9t r\u00e0o c\u1ea3n v\u1eadt l\u00fd kh\u00f4ng th\u1ec3 v\u01b0\u1ee3t qua. Th\u00f4ng qua vi\u1ec7c chuy\u1ec3n ti\u1ebfp m\u1edf v\u00e0 \u0111\u00f3ng hai b\u1ed9 c\u00e1nh c\u1eeda quay, n\u00f3 \u0111\u1ea1t \u0111\u01b0\u1ee3c th\u00f4ng qua m\u1ed9t ng\u01b0\u1eddi tuy\u1ec7t \u0111\u1ed1i v\u00e0 d\u00f2ng ch\u1ea3y hai chi\u1ec1u \u0111\u01b0\u1ee3c ki\u1ec3m so\u00e1t, cung c\u1ea5p m\u1ee9c \u0111\u1ed9 an ninh cao nh\u1ea5t cho c\u00e1c khu v\u1ef1c c\u1ed1t l\u00f5i. \u0110\u00e2y l\u00e0 m\u1ed9t l\u1ef1a ch\u1ecdn l\u00fd t\u01b0\u1edfng cho c\u00e1c \u0111\u1ecba \u0111i\u1ec3m an ninh c\u1ef1c k\u1ef3 cao nh\u01b0 s\u00e2n bay, nh\u00e0 t\u00f9 v\u00e0 nh\u00e0 m\u00e1y \u0111i\u1ec7n.<\/p>","protected":false},"featured_media":3591,"comment_status":"closed","ping_status":"closed","template":"","meta":[],"product_brand":[],"product_cat":[47,19],"product_tag":[],"class_list":{"0":"post-3583","1":"product","2":"type-product","3":"status-publish","4":"has-post-thumbnail","6":"product_cat-drop-arm-gate","7":"product_cat-turnstile-gate","9":"first","10":"instock","11":"shipping-taxable","12":"product-type-simple"},"_links":{"self":[{"href":"https:\/\/www.sztigerwong.com\/vi\/wp-json\/wp\/v2\/product\/3583","targetHints":{"allow":["GET"]}}],"collection":[{"href":"https:\/\/www.sztigerwong.com\/vi\/wp-json\/wp\/v2\/product"}],"about":[{"href":"https:\/\/www.sztigerwong.com\/vi\/wp-json\/wp\/v2\/types\/product"}],"replies":[{"embeddable":true,"href":"https:\/\/www.sztigerwong.com\/vi\/wp-json\/wp\/v2\/comments?post=3583"}],"wp:featuredmedia":[{"embeddable":true,"href":"https:\/\/www.sztigerwong.com\/vi\/wp-json\/wp\/v2\/media\/3591"}],"wp:attachment":[{"href":"https:\/\/www.sztigerwong.com\/vi\/wp-json\/wp\/v2\/media?parent=3583"}],"wp:term":[{"taxonomy":"product_brand","embeddable":true,"href":"https:\/\/www.sztigerwong.com\/vi\/wp-json\/wp\/v2\/product_brand?post=3583"},{"taxonomy":"product_cat","embeddable":true,"href":"https:\/\/www.sztigerwong.com\/vi\/wp-json\/wp\/v2\/product_cat?post=3583"},{"taxonomy":"product_tag","embeddable":true,"href":"https:\/\/www.sztigerwong.com\/vi\/wp-json\/wp\/v2\/product_tag?post=3583"}],"curies":[{"name":"WP","href":"https:\/\/api.w.org\/{rel}","templated":true}]}}