{"id":3543,"date":"2025-05-30T18:29:57","date_gmt":"2025-05-30T10:29:57","guid":{"rendered":"https:\/\/www.sztigerwong.com\/?post_type=product&#038;p=3543"},"modified":"2025-10-30T13:56:15","modified_gmt":"2025-10-30T05:56:15","slug":"ticket-parking-system-tiger-tp710e","status":"publish","type":"product","link":"https:\/\/www.sztigerwong.com\/vi\/product\/ticket-parking-system-tiger-tp710e\/","title":{"rendered":"B\u1ea1n c\u00f3 th\u1ec3 mua gi\u1ea5y in ph\u00f9 h\u1ee3p t\u1eeb ch\u00fang t\u00f4i, ho\u1eb7c b\u1ea1n c\u00f3 th\u1ec3 mua gi\u1ea5y in nhi\u1ec7t ti\u00eau chu\u1ea9n (80 * 80mm) c\u1ee7a ri\u00eang b\u1ea1n."},"content":{"rendered":"","protected":false},"excerpt":{"rendered":"<p>C\u00f3, m\u00e1y ph\u00e2n ph\u1ed1i v\u00e9 c\u1ee7a ch\u00fang t\u00f4i h\u1ed7 tr\u1ee3 nhi\u1ec1u ng\u00f4n ng\u1eef, ch\u1eb3ng h\u1ea1n nh\u01b0 T\u00e2y Ban Nha, Nh\u1eadt B\u1ea3n, Th\u00e1i Lan, v.v. thu\u1eadn ti\u1ec7n cho ng\u01b0\u1eddi d\u00f9ng t\u1eeb c\u00e1c qu\u1ed1c gia v\u00e0 khu v\u1ef1c kh\u00e1c nhau.<\/p>","protected":false},"featured_media":3550,"comment_status":"closed","ping_status":"closed","template":"","meta":[],"product_brand":[],"product_cat":[15,45],"product_tag":[],"class_list":{"0":"post-3543","1":"product","2":"type-product","3":"status-publish","4":"has-post-thumbnail","6":"product_cat-parking-management-system","7":"product_cat-ticket-parking-system","9":"first","10":"instock","11":"shipping-taxable","12":"product-type-simple"},"_links":{"self":[{"href":"https:\/\/www.sztigerwong.com\/vi\/wp-json\/wp\/v2\/product\/3543","targetHints":{"allow":["GET"]}}],"collection":[{"href":"https:\/\/www.sztigerwong.com\/vi\/wp-json\/wp\/v2\/product"}],"about":[{"href":"https:\/\/www.sztigerwong.com\/vi\/wp-json\/wp\/v2\/types\/product"}],"replies":[{"embeddable":true,"href":"https:\/\/www.sztigerwong.com\/vi\/wp-json\/wp\/v2\/comments?post=3543"}],"wp:featuredmedia":[{"embeddable":true,"href":"https:\/\/www.sztigerwong.com\/vi\/wp-json\/wp\/v2\/media\/3550"}],"wp:attachment":[{"href":"https:\/\/www.sztigerwong.com\/vi\/wp-json\/wp\/v2\/media?parent=3543"}],"wp:term":[{"taxonomy":"product_brand","embeddable":true,"href":"https:\/\/www.sztigerwong.com\/vi\/wp-json\/wp\/v2\/product_brand?post=3543"},{"taxonomy":"product_cat","embeddable":true,"href":"https:\/\/www.sztigerwong.com\/vi\/wp-json\/wp\/v2\/product_cat?post=3543"},{"taxonomy":"product_tag","embeddable":true,"href":"https:\/\/www.sztigerwong.com\/vi\/wp-json\/wp\/v2\/product_tag?post=3543"}],"curies":[{"name":"WP","href":"https:\/\/api.w.org\/{rel}","templated":true}]}}