{"id":3400,"date":"2025-05-30T14:45:13","date_gmt":"2025-05-30T06:45:13","guid":{"rendered":"https:\/\/www.sztigerwong.com\/?post_type=product&#038;p=3400"},"modified":"2025-06-05T14:49:25","modified_gmt":"2025-06-05T06:49:25","slug":"anpr-alpr-parking-system-tiger-lp600b","status":"publish","type":"product","link":"https:\/\/www.sztigerwong.com\/vi\/product\/anpr-alpr-parking-system-tiger-lp600b\/","title":{"rendered":"\u1ea2 R\u1eadp Saudi"},"content":{"rendered":"","protected":false},"excerpt":{"rendered":"<p>Thi\u1ebft b\u1ecb \u0111\u1ea7u cu\u1ed1i LPR t\u00edch h\u1ee3p Tiger-LP610C k\u1ebft h\u1ee3p nh\u1eadn d\u1ea1ng HD, m\u00e0n h\u00ecnh LCD v\u00e0 \u0111i\u1ec1u khi\u1ec3n th\u00f4ng minh trong m\u1ed9t thi\u1ebft b\u1ecb, cung c\u1ea5p gi\u1ea3i ph\u00e1p t\u1ef1 \u0111\u1ed9ng \"nh\u1eadn d\u1ea1ng-hi\u1ec3n th\u1ecb-\u0111i\u1ec1u khi\u1ec3n\" cho b\u00e3i \u0111\u1eadu xe hi\u1ec7n \u0111\u1ea1i, tr\u1ea1m tr\u1ea3 ph\u00ed v\u00e0 c\u1ed9ng \u0111\u1ed3ng c\u00f3 c\u1eeda.<\/p>","protected":false},"featured_media":3406,"comment_status":"open","ping_status":"closed","template":"","meta":[],"product_brand":[],"product_cat":[40,15],"product_tag":[],"class_list":{"0":"post-3400","1":"product","2":"type-product","3":"status-publish","4":"has-post-thumbnail","6":"product_cat-anpr-alpr-parking-system","7":"product_cat-parking-management-system","9":"first","10":"instock","11":"shipping-taxable","12":"product-type-simple"},"_links":{"self":[{"href":"https:\/\/www.sztigerwong.com\/vi\/wp-json\/wp\/v2\/product\/3400","targetHints":{"allow":["GET"]}}],"collection":[{"href":"https:\/\/www.sztigerwong.com\/vi\/wp-json\/wp\/v2\/product"}],"about":[{"href":"https:\/\/www.sztigerwong.com\/vi\/wp-json\/wp\/v2\/types\/product"}],"replies":[{"embeddable":true,"href":"https:\/\/www.sztigerwong.com\/vi\/wp-json\/wp\/v2\/comments?post=3400"}],"wp:featuredmedia":[{"embeddable":true,"href":"https:\/\/www.sztigerwong.com\/vi\/wp-json\/wp\/v2\/media\/3406"}],"wp:attachment":[{"href":"https:\/\/www.sztigerwong.com\/vi\/wp-json\/wp\/v2\/media?parent=3400"}],"wp:term":[{"taxonomy":"product_brand","embeddable":true,"href":"https:\/\/www.sztigerwong.com\/vi\/wp-json\/wp\/v2\/product_brand?post=3400"},{"taxonomy":"product_cat","embeddable":true,"href":"https:\/\/www.sztigerwong.com\/vi\/wp-json\/wp\/v2\/product_cat?post=3400"},{"taxonomy":"product_tag","embeddable":true,"href":"https:\/\/www.sztigerwong.com\/vi\/wp-json\/wp\/v2\/product_tag?post=3400"}],"curies":[{"name":"WP","href":"https:\/\/api.w.org\/{rel}","templated":true}]}}