{"id":3322,"date":"2025-05-30T10:24:10","date_gmt":"2025-05-30T02:24:10","guid":{"rendered":"https:\/\/www.sztigerwong.com\/?post_type=product&#038;p=3322"},"modified":"2025-06-05T14:03:01","modified_gmt":"2025-06-05T06:03:01","slug":"access-control-tgw-q340","status":"publish","type":"product","link":"https:\/\/www.sztigerwong.com\/vi\/product\/access-control-tgw-q340\/","title":{"rendered":"7. S\u1ebd r\u00e0o c\u1ea3n \u0111\u1ed9t nhi\u00ean r\u01a1i xu\u1ed1ng v\u00e0 \u0111\u00e1nh v\u00e0o xe?"},"content":{"rendered":"","protected":false},"excerpt":{"rendered":"<p>Kh\u00f4ng, h\u1ec7 th\u1ed1ng n\u00e0y \u0111\u01b0\u1ee3c trang b\u1ecb ch\u1ee9c n\u0103ng ch\u1ed1ng \u0111\u1eadp.<\/p>","protected":false},"featured_media":3348,"comment_status":"open","ping_status":"closed","template":"","meta":[],"product_brand":[],"product_cat":[20],"product_tag":[],"class_list":{"0":"post-3322","1":"product","2":"type-product","3":"status-publish","4":"has-post-thumbnail","6":"product_cat-access-control","8":"first","9":"instock","10":"shipping-taxable","11":"product-type-simple"},"_links":{"self":[{"href":"https:\/\/www.sztigerwong.com\/vi\/wp-json\/wp\/v2\/product\/3322","targetHints":{"allow":["GET"]}}],"collection":[{"href":"https:\/\/www.sztigerwong.com\/vi\/wp-json\/wp\/v2\/product"}],"about":[{"href":"https:\/\/www.sztigerwong.com\/vi\/wp-json\/wp\/v2\/types\/product"}],"replies":[{"embeddable":true,"href":"https:\/\/www.sztigerwong.com\/vi\/wp-json\/wp\/v2\/comments?post=3322"}],"wp:featuredmedia":[{"embeddable":true,"href":"https:\/\/www.sztigerwong.com\/vi\/wp-json\/wp\/v2\/media\/3348"}],"wp:attachment":[{"href":"https:\/\/www.sztigerwong.com\/vi\/wp-json\/wp\/v2\/media?parent=3322"}],"wp:term":[{"taxonomy":"product_brand","embeddable":true,"href":"https:\/\/www.sztigerwong.com\/vi\/wp-json\/wp\/v2\/product_brand?post=3322"},{"taxonomy":"product_cat","embeddable":true,"href":"https:\/\/www.sztigerwong.com\/vi\/wp-json\/wp\/v2\/product_cat?post=3322"},{"taxonomy":"product_tag","embeddable":true,"href":"https:\/\/www.sztigerwong.com\/vi\/wp-json\/wp\/v2\/product_tag?post=3322"}],"curies":[{"name":"WP","href":"https:\/\/api.w.org\/{rel}","templated":true}]}}