{"id":5342,"date":"2025-11-06T17:45:01","date_gmt":"2025-11-06T09:45:01","guid":{"rendered":"https:\/\/www.sztigerwong.com\/?post_type=product&#038;p=5342"},"modified":"2025-11-06T17:57:49","modified_gmt":"2025-11-06T09:57:49","slug":"access-control-tgw-tm81f","status":"publish","type":"product","link":"https:\/\/www.sztigerwong.com\/pt\/product\/access-control-tgw-tm81f\/","title":{"rendered":"Acordo ativado pelo sensor: Quando uma pessoa se aproxima, o sensor ativa automaticamente o sistema, e a tela ilumina simultaneamente, guiando o usu\u00e1rio a usar a verifica\u00e7\u00e3o da cara ou das impress\u00f5es digitais."},"content":{"rendered":"","protected":false},"excerpt":{"rendered":"<p>Reconhecimento em duas modalidades: Os usu\u00e1rios podem escolher enfrentar a c\u00e2mera para o reconhecimento facial ou usar um scanner de impress\u00f5es digitais para verifica\u00e7\u00e3o; O sistema apoia ambos os m\u00e9todos individualmente ou em combina\u00e7\u00e3o.<\/p>","protected":false},"featured_media":5344,"comment_status":"closed","ping_status":"closed","template":"","meta":[],"product_brand":[],"product_cat":[20],"product_tag":[],"class_list":{"0":"post-5342","1":"product","2":"type-product","3":"status-publish","4":"has-post-thumbnail","6":"product_cat-access-control","8":"first","9":"instock","10":"shipping-taxable","11":"product-type-simple"},"_links":{"self":[{"href":"https:\/\/www.sztigerwong.com\/pt\/wp-json\/wp\/v2\/product\/5342","targetHints":{"allow":["GET"]}}],"collection":[{"href":"https:\/\/www.sztigerwong.com\/pt\/wp-json\/wp\/v2\/product"}],"about":[{"href":"https:\/\/www.sztigerwong.com\/pt\/wp-json\/wp\/v2\/types\/product"}],"replies":[{"embeddable":true,"href":"https:\/\/www.sztigerwong.com\/pt\/wp-json\/wp\/v2\/comments?post=5342"}],"wp:featuredmedia":[{"embeddable":true,"href":"https:\/\/www.sztigerwong.com\/pt\/wp-json\/wp\/v2\/media\/5344"}],"wp:attachment":[{"href":"https:\/\/www.sztigerwong.com\/pt\/wp-json\/wp\/v2\/media?parent=5342"}],"wp:term":[{"taxonomy":"product_brand","embeddable":true,"href":"https:\/\/www.sztigerwong.com\/pt\/wp-json\/wp\/v2\/product_brand?post=5342"},{"taxonomy":"product_cat","embeddable":true,"href":"https:\/\/www.sztigerwong.com\/pt\/wp-json\/wp\/v2\/product_cat?post=5342"},{"taxonomy":"product_tag","embeddable":true,"href":"https:\/\/www.sztigerwong.com\/pt\/wp-json\/wp\/v2\/product_tag?post=5342"}],"curies":[{"name":"wp","href":"https:\/\/api.w.org\/{rel}","templated":true}]}}