{"id":5328,"date":"2025-11-06T16:57:05","date_gmt":"2025-11-06T08:57:05","guid":{"rendered":"https:\/\/www.sztigerwong.com\/?post_type=product&#038;p=5328"},"modified":"2025-11-06T17:15:27","modified_gmt":"2025-11-06T09:15:27","slug":"access-control-tgw-fcm","status":"publish","type":"product","link":"https:\/\/www.sztigerwong.com\/pt\/product\/access-control-tgw-fcm\/","title":{"rendered":"Monitoriza\u00e7\u00e3o da Seguran\u00e7a Durante o Passagem: Ap\u00f3s a abertura do port\u00e3o, o painel de controle utiliza sensores infravermelhos multisegmentais para monitorar o estado do canal em tempo real, identificando inteligentemente a passagem normal, tailgating, ou persisting, e implementando estrat\u00e9gias de seguran\u00e7a anti-pinch e anti-tailgating em conformidade."},"content":{"rendered":"","protected":false},"excerpt":{"rendered":"<p>Processo Reset e Standby: Depois de confirmar que todo o pessoal passou e a passagem est\u00e1 limpa, o painel de controle fecha seguramente o port\u00e3o, todos os estados do sistema s\u00e3o reiniciados, e o sistema retorna ao modo de monitoriza\u00e7\u00e3o em stand by para esperar o pr\u00f3ximo ciclo de passagem.<\/p>","protected":false},"featured_media":5329,"comment_status":"closed","ping_status":"closed","template":"","meta":[],"product_brand":[],"product_cat":[20],"product_tag":[],"class_list":{"0":"post-5328","1":"product","2":"type-product","3":"status-publish","4":"has-post-thumbnail","6":"product_cat-access-control","8":"first","9":"instock","10":"shipping-taxable","11":"product-type-simple"},"_links":{"self":[{"href":"https:\/\/www.sztigerwong.com\/pt\/wp-json\/wp\/v2\/product\/5328","targetHints":{"allow":["GET"]}}],"collection":[{"href":"https:\/\/www.sztigerwong.com\/pt\/wp-json\/wp\/v2\/product"}],"about":[{"href":"https:\/\/www.sztigerwong.com\/pt\/wp-json\/wp\/v2\/types\/product"}],"replies":[{"embeddable":true,"href":"https:\/\/www.sztigerwong.com\/pt\/wp-json\/wp\/v2\/comments?post=5328"}],"wp:featuredmedia":[{"embeddable":true,"href":"https:\/\/www.sztigerwong.com\/pt\/wp-json\/wp\/v2\/media\/5329"}],"wp:attachment":[{"href":"https:\/\/www.sztigerwong.com\/pt\/wp-json\/wp\/v2\/media?parent=5328"}],"wp:term":[{"taxonomy":"product_brand","embeddable":true,"href":"https:\/\/www.sztigerwong.com\/pt\/wp-json\/wp\/v2\/product_brand?post=5328"},{"taxonomy":"product_cat","embeddable":true,"href":"https:\/\/www.sztigerwong.com\/pt\/wp-json\/wp\/v2\/product_cat?post=5328"},{"taxonomy":"product_tag","embeddable":true,"href":"https:\/\/www.sztigerwong.com\/pt\/wp-json\/wp\/v2\/product_tag?post=5328"}],"curies":[{"name":"wp","href":"https:\/\/api.w.org\/{rel}","templated":true}]}}