{"id":5220,"date":"2025-11-04T11:29:06","date_gmt":"2025-11-04T03:29:06","guid":{"rendered":"https:\/\/www.sztigerwong.com\/?post_type=product&#038;p=5220"},"modified":"2025-11-04T13:38:50","modified_gmt":"2025-11-04T05:38:50","slug":"ticket-parking-system-tiger-tp720e","status":"publish","type":"product","link":"https:\/\/www.sztigerwong.com\/pt\/product\/ticket-parking-system-tiger-tp720e\/","title":{"rendered":"7. Como esta caixa de bilhetes sabe o meu tempo de estacionamento?"},"content":{"rendered":"","protected":false},"excerpt":{"rendered":"<p>O seu tempo de entrada \u00e9 gravado no fundo do sistema no momento da recupera\u00e7\u00e3o de bilhetes. Quando sair, o equipamento de sa\u00edda l\u00ea o c\u00f3digo QR ou o grava, e pode calcular a dura\u00e7\u00e3o exata do estacionamento.<\/p>","protected":false},"featured_media":5221,"comment_status":"closed","ping_status":"closed","template":"","meta":[],"product_brand":[],"product_cat":[15,45],"product_tag":[],"class_list":{"0":"post-5220","1":"product","2":"type-product","3":"status-publish","4":"has-post-thumbnail","6":"product_cat-parking-management-system","7":"product_cat-ticket-parking-system","9":"first","10":"instock","11":"shipping-taxable","12":"product-type-simple"},"_links":{"self":[{"href":"https:\/\/www.sztigerwong.com\/pt\/wp-json\/wp\/v2\/product\/5220","targetHints":{"allow":["GET"]}}],"collection":[{"href":"https:\/\/www.sztigerwong.com\/pt\/wp-json\/wp\/v2\/product"}],"about":[{"href":"https:\/\/www.sztigerwong.com\/pt\/wp-json\/wp\/v2\/types\/product"}],"replies":[{"embeddable":true,"href":"https:\/\/www.sztigerwong.com\/pt\/wp-json\/wp\/v2\/comments?post=5220"}],"wp:featuredmedia":[{"embeddable":true,"href":"https:\/\/www.sztigerwong.com\/pt\/wp-json\/wp\/v2\/media\/5221"}],"wp:attachment":[{"href":"https:\/\/www.sztigerwong.com\/pt\/wp-json\/wp\/v2\/media?parent=5220"}],"wp:term":[{"taxonomy":"product_brand","embeddable":true,"href":"https:\/\/www.sztigerwong.com\/pt\/wp-json\/wp\/v2\/product_brand?post=5220"},{"taxonomy":"product_cat","embeddable":true,"href":"https:\/\/www.sztigerwong.com\/pt\/wp-json\/wp\/v2\/product_cat?post=5220"},{"taxonomy":"product_tag","embeddable":true,"href":"https:\/\/www.sztigerwong.com\/pt\/wp-json\/wp\/v2\/product_tag?post=5220"}],"curies":[{"name":"wp","href":"https:\/\/api.w.org\/{rel}","templated":true}]}}