{"id":5161,"date":"2025-10-30T16:29:58","date_gmt":"2025-10-30T08:29:58","guid":{"rendered":"https:\/\/www.sztigerwong.com\/?post_type=product&#038;p=5161"},"modified":"2025-10-30T16:34:33","modified_gmt":"2025-10-30T08:34:33","slug":"wing-wings-turnstile-gate-tgw-wt031","status":"publish","type":"product","link":"https:\/\/www.sztigerwong.com\/pt\/product\/wing-wings-turnstile-gate-tgw-wt031\/","title":{"rendered":"1. Qual \u00e9 sua dist\u00e2ncia m\u00e1xima de leitura?"},"content":{"rendered":"","protected":false},"excerpt":{"rendered":"<p>Teoricamente, a dist\u00e2ncia m\u00e1xima de leitura \u00e9 de 15 metros, mas a dist\u00e2ncia real vai variar dependendo do leitor&#8217; s energia, antena e ambiente ambiente (como obstru\u00e7\u00f5es e interfer\u00eancia).<\/p>","protected":false},"featured_media":5162,"comment_status":"closed","ping_status":"closed","template":"","meta":[],"product_brand":[],"product_cat":[48,19],"product_tag":[],"class_list":{"0":"post-5161","1":"product","2":"type-product","3":"status-publish","4":"has-post-thumbnail","6":"product_cat-flap-wings-turnstile-gate","7":"product_cat-turnstile-gate","9":"first","10":"instock","11":"shipping-taxable","12":"product-type-simple"},"_links":{"self":[{"href":"https:\/\/www.sztigerwong.com\/pt\/wp-json\/wp\/v2\/product\/5161","targetHints":{"allow":["GET"]}}],"collection":[{"href":"https:\/\/www.sztigerwong.com\/pt\/wp-json\/wp\/v2\/product"}],"about":[{"href":"https:\/\/www.sztigerwong.com\/pt\/wp-json\/wp\/v2\/types\/product"}],"replies":[{"embeddable":true,"href":"https:\/\/www.sztigerwong.com\/pt\/wp-json\/wp\/v2\/comments?post=5161"}],"wp:featuredmedia":[{"embeddable":true,"href":"https:\/\/www.sztigerwong.com\/pt\/wp-json\/wp\/v2\/media\/5162"}],"wp:attachment":[{"href":"https:\/\/www.sztigerwong.com\/pt\/wp-json\/wp\/v2\/media?parent=5161"}],"wp:term":[{"taxonomy":"product_brand","embeddable":true,"href":"https:\/\/www.sztigerwong.com\/pt\/wp-json\/wp\/v2\/product_brand?post=5161"},{"taxonomy":"product_cat","embeddable":true,"href":"https:\/\/www.sztigerwong.com\/pt\/wp-json\/wp\/v2\/product_cat?post=5161"},{"taxonomy":"product_tag","embeddable":true,"href":"https:\/\/www.sztigerwong.com\/pt\/wp-json\/wp\/v2\/product_tag?post=5161"}],"curies":[{"name":"wp","href":"https:\/\/api.w.org\/{rel}","templated":true}]}}