{"id":5082,"date":"2025-10-28T14:40:18","date_gmt":"2025-10-28T06:40:18","guid":{"rendered":"https:\/\/www.sztigerwong.com\/?post_type=product&#038;p=5082"},"modified":"2025-10-28T14:53:53","modified_gmt":"2025-10-28T06:53:53","slug":"barrier-boom-park-501ds","status":"publish","type":"product","link":"https:\/\/www.sztigerwong.com\/pt\/product\/barrier-boom-park-501ds\/","title":{"rendered":"Seu design de alavanca leve reduz significativamente a carga do motor e do mecanismo de transmiss\u00e3o, minimizando o desgaste e a lacrime em todo o sistema e prorrogando efetivamente a vida de servi\u00e7o da barreira."},"content":{"rendered":"","protected":false},"excerpt":{"rendered":"<p>Nivel de prote\u00e7\u00e3o motora IP54, opera\u00e7\u00e3o est\u00e1vel a -45[UNK]~85[UNK].<\/p>","protected":false},"featured_media":5083,"comment_status":"closed","ping_status":"closed","template":"","meta":[],"product_brand":[],"product_cat":[41,15],"product_tag":[],"class_list":{"0":"post-5082","1":"product","2":"type-product","3":"status-publish","4":"has-post-thumbnail","6":"product_cat-barrier-boom","7":"product_cat-parking-management-system","9":"first","10":"instock","11":"shipping-taxable","12":"product-type-simple"},"_links":{"self":[{"href":"https:\/\/www.sztigerwong.com\/pt\/wp-json\/wp\/v2\/product\/5082","targetHints":{"allow":["GET"]}}],"collection":[{"href":"https:\/\/www.sztigerwong.com\/pt\/wp-json\/wp\/v2\/product"}],"about":[{"href":"https:\/\/www.sztigerwong.com\/pt\/wp-json\/wp\/v2\/types\/product"}],"replies":[{"embeddable":true,"href":"https:\/\/www.sztigerwong.com\/pt\/wp-json\/wp\/v2\/comments?post=5082"}],"wp:featuredmedia":[{"embeddable":true,"href":"https:\/\/www.sztigerwong.com\/pt\/wp-json\/wp\/v2\/media\/5083"}],"wp:attachment":[{"href":"https:\/\/www.sztigerwong.com\/pt\/wp-json\/wp\/v2\/media?parent=5082"}],"wp:term":[{"taxonomy":"product_brand","embeddable":true,"href":"https:\/\/www.sztigerwong.com\/pt\/wp-json\/wp\/v2\/product_brand?post=5082"},{"taxonomy":"product_cat","embeddable":true,"href":"https:\/\/www.sztigerwong.com\/pt\/wp-json\/wp\/v2\/product_cat?post=5082"},{"taxonomy":"product_tag","embeddable":true,"href":"https:\/\/www.sztigerwong.com\/pt\/wp-json\/wp\/v2\/product_tag?post=5082"}],"curies":[{"name":"wp","href":"https:\/\/api.w.org\/{rel}","templated":true}]}}