{"id":5019,"date":"2025-10-27T14:08:48","date_gmt":"2025-10-27T06:08:48","guid":{"rendered":"https:\/\/www.sztigerwong.com\/?post_type=product&#038;p=5019"},"modified":"2025-10-27T15:10:49","modified_gmt":"2025-10-27T07:10:49","slug":"wing-wings-turnstile-gate-tgw-hc-wt026","status":"publish","type":"product","link":"https:\/\/www.sztigerwong.com\/pt\/product\/wing-wings-turnstile-gate-tgw-hc-wt026\/","title":{"rendered":"Ala\/Ala Porta de Torno &#8211; TGW-HC-WT026"},"content":{"rendered":"","protected":false},"excerpt":{"rendered":"<p>O port\u00e3o da ala TGW-HC-WT026 \u00e9 projetado para uma passagem ergon\u00f4mica e confort\u00e1vel, com uma estrutura asim\u00e9trica com um extremo de rota\u00e7\u00e3o de cart\u00e3o baixo e um extremo de passagem alto. Esse design assegura uma passagem eficiente e segura ao mesmo tempo que incorpora considera\u00e7\u00f5es humanas. \u00c9 particularmente adequado para passagens frequentemente usadas de empregados, aumentando significativamente a conveni\u00eancia e conforto dos viagens di\u00e1rias.<\/p>","protected":false},"featured_media":5020,"comment_status":"closed","ping_status":"closed","template":"","meta":[],"product_brand":[],"product_cat":[48,19],"product_tag":[],"class_list":{"0":"post-5019","1":"product","2":"type-product","3":"status-publish","4":"has-post-thumbnail","6":"product_cat-flap-wings-turnstile-gate","7":"product_cat-turnstile-gate","9":"first","10":"instock","11":"shipping-taxable","12":"product-type-simple"},"_links":{"self":[{"href":"https:\/\/www.sztigerwong.com\/pt\/wp-json\/wp\/v2\/product\/5019","targetHints":{"allow":["GET"]}}],"collection":[{"href":"https:\/\/www.sztigerwong.com\/pt\/wp-json\/wp\/v2\/product"}],"about":[{"href":"https:\/\/www.sztigerwong.com\/pt\/wp-json\/wp\/v2\/types\/product"}],"replies":[{"embeddable":true,"href":"https:\/\/www.sztigerwong.com\/pt\/wp-json\/wp\/v2\/comments?post=5019"}],"wp:featuredmedia":[{"embeddable":true,"href":"https:\/\/www.sztigerwong.com\/pt\/wp-json\/wp\/v2\/media\/5020"}],"wp:attachment":[{"href":"https:\/\/www.sztigerwong.com\/pt\/wp-json\/wp\/v2\/media?parent=5019"}],"wp:term":[{"taxonomy":"product_brand","embeddable":true,"href":"https:\/\/www.sztigerwong.com\/pt\/wp-json\/wp\/v2\/product_brand?post=5019"},{"taxonomy":"product_cat","embeddable":true,"href":"https:\/\/www.sztigerwong.com\/pt\/wp-json\/wp\/v2\/product_cat?post=5019"},{"taxonomy":"product_tag","embeddable":true,"href":"https:\/\/www.sztigerwong.com\/pt\/wp-json\/wp\/v2\/product_tag?post=5019"}],"curies":[{"name":"wp","href":"https:\/\/api.w.org\/{rel}","templated":true}]}}