{"id":4953,"date":"2025-10-24T10:08:00","date_gmt":"2025-10-24T02:08:00","guid":{"rendered":"https:\/\/www.sztigerwong.com\/?post_type=product&#038;p=4953"},"modified":"2025-10-24T10:14:09","modified_gmt":"2025-10-24T02:14:09","slug":"wing-wings-turnstile-gate-tgw-hc-wt019","status":"publish","type":"product","link":"https:\/\/www.sztigerwong.com\/pt\/product\/wing-wings-turnstile-gate-tgw-hc-wt019\/","title":{"rendered":"Porta de ala com rota\u00e7\u00e3o de cartas e outros sistemas de controle de acesso para metros, edif\u00edcios de escrit\u00f3rios, centros de dados."},"content":{"rendered":"","protected":false},"excerpt":{"rendered":"<p>Wing Gate-TGW-WT012 - TigerWong<\/p>","protected":false},"featured_media":4954,"comment_status":"closed","ping_status":"closed","template":"","meta":[],"product_brand":[],"product_cat":[48,19],"product_tag":[],"class_list":{"0":"post-4953","1":"product","2":"type-product","3":"status-publish","4":"has-post-thumbnail","6":"product_cat-flap-wings-turnstile-gate","7":"product_cat-turnstile-gate","9":"first","10":"instock","11":"shipping-taxable","12":"product-type-simple"},"_links":{"self":[{"href":"https:\/\/www.sztigerwong.com\/pt\/wp-json\/wp\/v2\/product\/4953","targetHints":{"allow":["GET"]}}],"collection":[{"href":"https:\/\/www.sztigerwong.com\/pt\/wp-json\/wp\/v2\/product"}],"about":[{"href":"https:\/\/www.sztigerwong.com\/pt\/wp-json\/wp\/v2\/types\/product"}],"replies":[{"embeddable":true,"href":"https:\/\/www.sztigerwong.com\/pt\/wp-json\/wp\/v2\/comments?post=4953"}],"wp:featuredmedia":[{"embeddable":true,"href":"https:\/\/www.sztigerwong.com\/pt\/wp-json\/wp\/v2\/media\/4954"}],"wp:attachment":[{"href":"https:\/\/www.sztigerwong.com\/pt\/wp-json\/wp\/v2\/media?parent=4953"}],"wp:term":[{"taxonomy":"product_brand","embeddable":true,"href":"https:\/\/www.sztigerwong.com\/pt\/wp-json\/wp\/v2\/product_brand?post=4953"},{"taxonomy":"product_cat","embeddable":true,"href":"https:\/\/www.sztigerwong.com\/pt\/wp-json\/wp\/v2\/product_cat?post=4953"},{"taxonomy":"product_tag","embeddable":true,"href":"https:\/\/www.sztigerwong.com\/pt\/wp-json\/wp\/v2\/product_tag?post=4953"}],"curies":[{"name":"wp","href":"https:\/\/api.w.org\/{rel}","templated":true}]}}