{"id":4790,"date":"2025-10-10T13:59:07","date_gmt":"2025-10-10T05:59:07","guid":{"rendered":"https:\/\/www.sztigerwong.com\/?post_type=product&#038;p=4790"},"modified":"2025-10-10T14:10:19","modified_gmt":"2025-10-10T06:10:19","slug":"wing-wings-turnstile-gate-tgw-wt005","status":"publish","type":"product","link":"https:\/\/www.sztigerwong.com\/pt\/product\/wing-wings-turnstile-gate-tgw-wt005\/","title":{"rendered":"Os centros de tr\u00e2nsito batem com energia, mas essa pressa muitas vezes torna-se ca\u00f3tica. Voc\u00eas sabem a cena: linhas de cobra em torno das cabinas de bilhetes, as pessoas se apertam um ao outro, e as preocupa\u00e7\u00f5es de seguran\u00e7a permanecem no fundo da sua mente. - Tripod turnstiles entra como uma solu\u00e7\u00e3o simples, guiando multid\u00f5es com efici\u00eancia silenciosa. TigerWong pegou este espa\u00e7o por mais de [&hellip;]"},"content":{"rendered":"","protected":false},"excerpt":{"rendered":"<p>10\/09\/2025 \u2013 TigerWong<\/p>","protected":false},"featured_media":4795,"comment_status":"closed","ping_status":"closed","template":"","meta":[],"product_brand":[],"product_cat":[48,19],"product_tag":[],"class_list":{"0":"post-4790","1":"product","2":"type-product","3":"status-publish","4":"has-post-thumbnail","6":"product_cat-flap-wings-turnstile-gate","7":"product_cat-turnstile-gate","9":"first","10":"instock","11":"shipping-taxable","12":"product-type-simple"},"_links":{"self":[{"href":"https:\/\/www.sztigerwong.com\/pt\/wp-json\/wp\/v2\/product\/4790","targetHints":{"allow":["GET"]}}],"collection":[{"href":"https:\/\/www.sztigerwong.com\/pt\/wp-json\/wp\/v2\/product"}],"about":[{"href":"https:\/\/www.sztigerwong.com\/pt\/wp-json\/wp\/v2\/types\/product"}],"replies":[{"embeddable":true,"href":"https:\/\/www.sztigerwong.com\/pt\/wp-json\/wp\/v2\/comments?post=4790"}],"wp:featuredmedia":[{"embeddable":true,"href":"https:\/\/www.sztigerwong.com\/pt\/wp-json\/wp\/v2\/media\/4795"}],"wp:attachment":[{"href":"https:\/\/www.sztigerwong.com\/pt\/wp-json\/wp\/v2\/media?parent=4790"}],"wp:term":[{"taxonomy":"product_brand","embeddable":true,"href":"https:\/\/www.sztigerwong.com\/pt\/wp-json\/wp\/v2\/product_brand?post=4790"},{"taxonomy":"product_cat","embeddable":true,"href":"https:\/\/www.sztigerwong.com\/pt\/wp-json\/wp\/v2\/product_cat?post=4790"},{"taxonomy":"product_tag","embeddable":true,"href":"https:\/\/www.sztigerwong.com\/pt\/wp-json\/wp\/v2\/product_tag?post=4790"}],"curies":[{"name":"wp","href":"https:\/\/api.w.org\/{rel}","templated":true}]}}