{"id":4755,"date":"2025-10-10T09:27:32","date_gmt":"2025-10-10T01:27:32","guid":{"rendered":"https:\/\/www.sztigerwong.com\/?post_type=product&#038;p=4755"},"modified":"2025-10-10T09:58:54","modified_gmt":"2025-10-10T01:58:54","slug":"swing-turnstile-gate-tgw-st003sa","status":"publish","type":"product","link":"https:\/\/www.sztigerwong.com\/pt\/product\/swing-turnstile-gate-tgw-st003sa\/","title":{"rendered":"Os centros de tr\u00e2nsito batem com energia. .."},"content":{"rendered":"","protected":false},"excerpt":{"rendered":"<p>Os centros de tr\u00e2nsito batem com energia, mas essa pressa muitas vezes torna-se ca\u00f3tica. Voc\u00eas conhecem a cena: linhas de cobra por a\u00ed. ..<\/p>","protected":false},"featured_media":4763,"comment_status":"closed","ping_status":"closed","template":"","meta":[],"product_brand":[],"product_cat":[53,19],"product_tag":[],"class_list":{"0":"post-4755","1":"product","2":"type-product","3":"status-publish","4":"has-post-thumbnail","6":"product_cat-swing-turnstile-gate","7":"product_cat-turnstile-gate","9":"first","10":"instock","11":"shipping-taxable","12":"product-type-simple"},"_links":{"self":[{"href":"https:\/\/www.sztigerwong.com\/pt\/wp-json\/wp\/v2\/product\/4755","targetHints":{"allow":["GET"]}}],"collection":[{"href":"https:\/\/www.sztigerwong.com\/pt\/wp-json\/wp\/v2\/product"}],"about":[{"href":"https:\/\/www.sztigerwong.com\/pt\/wp-json\/wp\/v2\/types\/product"}],"replies":[{"embeddable":true,"href":"https:\/\/www.sztigerwong.com\/pt\/wp-json\/wp\/v2\/comments?post=4755"}],"wp:featuredmedia":[{"embeddable":true,"href":"https:\/\/www.sztigerwong.com\/pt\/wp-json\/wp\/v2\/media\/4763"}],"wp:attachment":[{"href":"https:\/\/www.sztigerwong.com\/pt\/wp-json\/wp\/v2\/media?parent=4755"}],"wp:term":[{"taxonomy":"product_brand","embeddable":true,"href":"https:\/\/www.sztigerwong.com\/pt\/wp-json\/wp\/v2\/product_brand?post=4755"},{"taxonomy":"product_cat","embeddable":true,"href":"https:\/\/www.sztigerwong.com\/pt\/wp-json\/wp\/v2\/product_cat?post=4755"},{"taxonomy":"product_tag","embeddable":true,"href":"https:\/\/www.sztigerwong.com\/pt\/wp-json\/wp\/v2\/product_tag?post=4755"}],"curies":[{"name":"wp","href":"https:\/\/api.w.org\/{rel}","templated":true}]}}