{"id":4643,"date":"2025-09-28T09:43:50","date_gmt":"2025-09-28T01:43:50","guid":{"rendered":"https:\/\/www.sztigerwong.com\/?post_type=product&#038;p=4643"},"modified":"2025-09-28T10:00:37","modified_gmt":"2025-09-28T02:00:37","slug":"swing-turnstile-gate-tgw-hs-lst019","status":"publish","type":"product","link":"https:\/\/www.sztigerwong.com\/pt\/product\/swing-turnstile-gate-tgw-hs-lst019\/","title":{"rendered":"Swing Turnstile Gate &#8211; TGW-HS-LST019"},"content":{"rendered":"","protected":false},"excerpt":{"rendered":"<p>TGW-HC-LST019 \u00e9 um dispositivo eficiente de gest\u00e3o de canais que combina design industrial moderno com experi\u00eancia interativa inteligente. Ela adota uma estrutura rectangular suave e uma luz de indicador LED de duas cores para melhorar a efici\u00eancia de tr\u00e2nsito atrav\u00e9s de instru\u00e7\u00f5es visuais intuitivas ao mesmo tempo que assegura a compacidade do espa\u00e7o. \u00c9 adequado para cenas de alto tr\u00e2nsito como edif\u00edcios de escrit\u00f3rios, metros e est\u00e1dios, tendo em conta o controle preciso e a amizade dos usu\u00e1rios.<\/p>","protected":false},"featured_media":4644,"comment_status":"closed","ping_status":"closed","template":"","meta":[],"product_brand":[],"product_cat":[53,19],"product_tag":[],"class_list":{"0":"post-4643","1":"product","2":"type-product","3":"status-publish","4":"has-post-thumbnail","6":"product_cat-swing-turnstile-gate","7":"product_cat-turnstile-gate","9":"first","10":"instock","11":"shipping-taxable","12":"product-type-simple"},"_links":{"self":[{"href":"https:\/\/www.sztigerwong.com\/pt\/wp-json\/wp\/v2\/product\/4643","targetHints":{"allow":["GET"]}}],"collection":[{"href":"https:\/\/www.sztigerwong.com\/pt\/wp-json\/wp\/v2\/product"}],"about":[{"href":"https:\/\/www.sztigerwong.com\/pt\/wp-json\/wp\/v2\/types\/product"}],"replies":[{"embeddable":true,"href":"https:\/\/www.sztigerwong.com\/pt\/wp-json\/wp\/v2\/comments?post=4643"}],"wp:featuredmedia":[{"embeddable":true,"href":"https:\/\/www.sztigerwong.com\/pt\/wp-json\/wp\/v2\/media\/4644"}],"wp:attachment":[{"href":"https:\/\/www.sztigerwong.com\/pt\/wp-json\/wp\/v2\/media?parent=4643"}],"wp:term":[{"taxonomy":"product_brand","embeddable":true,"href":"https:\/\/www.sztigerwong.com\/pt\/wp-json\/wp\/v2\/product_brand?post=4643"},{"taxonomy":"product_cat","embeddable":true,"href":"https:\/\/www.sztigerwong.com\/pt\/wp-json\/wp\/v2\/product_cat?post=4643"},{"taxonomy":"product_tag","embeddable":true,"href":"https:\/\/www.sztigerwong.com\/pt\/wp-json\/wp\/v2\/product_tag?post=4643"}],"curies":[{"name":"wp","href":"https:\/\/api.w.org\/{rel}","templated":true}]}}