{"id":4572,"date":"2025-09-17T16:20:09","date_gmt":"2025-09-17T08:20:09","guid":{"rendered":"https:\/\/www.sztigerwong.com\/?post_type=product&#038;p=4572"},"modified":"2025-09-28T09:32:05","modified_gmt":"2025-09-28T01:32:05","slug":"swing-turnstile-gate-tgw-hs-lst018","status":"publish","type":"product","link":"https:\/\/www.sztigerwong.com\/pt\/product\/swing-turnstile-gate-tgw-hs-lst018\/","title":{"rendered":"Swing Turnstile Gate &#8211; TGW-HS-LST018"},"content":{"rendered":"","protected":false},"excerpt":{"rendered":"<p>TGW-HC-LST018 \u00e9 um dispositivo de controle de acesso projetado para lugares modernos de alto tr\u00e2nsito. Ela adota um design de bevel racionalizado e um corpo ultra fino, combinando beleza e pr\u00e1ticalidade. \u00c9 adequado para edif\u00edcios de escrit\u00f3rios, esta\u00e7\u00f5es de metro, aeroportos, gin\u00e1sios e outros lugares que requerem acesso eficiente e seguran\u00e7a estrita, e podem alcan\u00e7ar experi\u00eancia de acesso r\u00e1pido e suave em espa\u00e7o limitado.<\/p>","protected":false},"featured_media":4576,"comment_status":"closed","ping_status":"closed","template":"","meta":[],"product_brand":[],"product_cat":[53,19],"product_tag":[],"class_list":{"0":"post-4572","1":"product","2":"type-product","3":"status-publish","4":"has-post-thumbnail","6":"product_cat-swing-turnstile-gate","7":"product_cat-turnstile-gate","9":"first","10":"instock","11":"shipping-taxable","12":"product-type-simple"},"_links":{"self":[{"href":"https:\/\/www.sztigerwong.com\/pt\/wp-json\/wp\/v2\/product\/4572","targetHints":{"allow":["GET"]}}],"collection":[{"href":"https:\/\/www.sztigerwong.com\/pt\/wp-json\/wp\/v2\/product"}],"about":[{"href":"https:\/\/www.sztigerwong.com\/pt\/wp-json\/wp\/v2\/types\/product"}],"replies":[{"embeddable":true,"href":"https:\/\/www.sztigerwong.com\/pt\/wp-json\/wp\/v2\/comments?post=4572"}],"wp:featuredmedia":[{"embeddable":true,"href":"https:\/\/www.sztigerwong.com\/pt\/wp-json\/wp\/v2\/media\/4576"}],"wp:attachment":[{"href":"https:\/\/www.sztigerwong.com\/pt\/wp-json\/wp\/v2\/media?parent=4572"}],"wp:term":[{"taxonomy":"product_brand","embeddable":true,"href":"https:\/\/www.sztigerwong.com\/pt\/wp-json\/wp\/v2\/product_brand?post=4572"},{"taxonomy":"product_cat","embeddable":true,"href":"https:\/\/www.sztigerwong.com\/pt\/wp-json\/wp\/v2\/product_cat?post=4572"},{"taxonomy":"product_tag","embeddable":true,"href":"https:\/\/www.sztigerwong.com\/pt\/wp-json\/wp\/v2\/product_tag?post=4572"}],"curies":[{"name":"wp","href":"https:\/\/api.w.org\/{rel}","templated":true}]}}