{"id":4530,"date":"2025-09-13T11:17:30","date_gmt":"2025-09-13T03:17:30","guid":{"rendered":"https:\/\/www.sztigerwong.com\/?post_type=product&#038;p=4530"},"modified":"2025-09-13T14:44:04","modified_gmt":"2025-09-13T06:44:04","slug":"swing-turnstile-gate-tgw-lst025","status":"publish","type":"product","link":"https:\/\/www.sztigerwong.com\/pt\/product\/swing-turnstile-gate-tgw-lst025\/","title":{"rendered":"TGW-LST001X adota um design integrado completamente fechado, com linhas simples e lissas e materiais duradouros, para criar um dispositivo moderno de gest\u00e3o do canal. \u00c9 adequado para lugares de alto tr\u00e2nsito como edif\u00edcios imezimwaice, parques, esta\u00e7\u00f5es de metro e locais, fornecendo solu\u00e7\u00f5es de tr\u00e2nsito eficientes, seguras e bonitas."},"content":{"rendered":"","protected":false},"excerpt":{"rendered":"<p>https:\/\/www.sztigerwong.com\/wp-content\/uploads\/2025\/09\/LST026-2-100x100.png<\/p>","protected":false},"featured_media":4533,"comment_status":"closed","ping_status":"closed","template":"","meta":[],"product_brand":[],"product_cat":[53,19],"product_tag":[],"class_list":{"0":"post-4530","1":"product","2":"type-product","3":"status-publish","4":"has-post-thumbnail","6":"product_cat-swing-turnstile-gate","7":"product_cat-turnstile-gate","9":"first","10":"instock","11":"shipping-taxable","12":"product-type-simple"},"_links":{"self":[{"href":"https:\/\/www.sztigerwong.com\/pt\/wp-json\/wp\/v2\/product\/4530","targetHints":{"allow":["GET"]}}],"collection":[{"href":"https:\/\/www.sztigerwong.com\/pt\/wp-json\/wp\/v2\/product"}],"about":[{"href":"https:\/\/www.sztigerwong.com\/pt\/wp-json\/wp\/v2\/types\/product"}],"replies":[{"embeddable":true,"href":"https:\/\/www.sztigerwong.com\/pt\/wp-json\/wp\/v2\/comments?post=4530"}],"wp:featuredmedia":[{"embeddable":true,"href":"https:\/\/www.sztigerwong.com\/pt\/wp-json\/wp\/v2\/media\/4533"}],"wp:attachment":[{"href":"https:\/\/www.sztigerwong.com\/pt\/wp-json\/wp\/v2\/media?parent=4530"}],"wp:term":[{"taxonomy":"product_brand","embeddable":true,"href":"https:\/\/www.sztigerwong.com\/pt\/wp-json\/wp\/v2\/product_brand?post=4530"},{"taxonomy":"product_cat","embeddable":true,"href":"https:\/\/www.sztigerwong.com\/pt\/wp-json\/wp\/v2\/product_cat?post=4530"},{"taxonomy":"product_tag","embeddable":true,"href":"https:\/\/www.sztigerwong.com\/pt\/wp-json\/wp\/v2\/product_tag?post=4530"}],"curies":[{"name":"wp","href":"https:\/\/api.w.org\/{rel}","templated":true}]}}