{"id":4441,"date":"2025-09-03T14:00:33","date_gmt":"2025-09-03T06:00:33","guid":{"rendered":"https:\/\/www.sztigerwong.com\/?post_type=product&#038;p=4441"},"modified":"2025-09-03T15:12:05","modified_gmt":"2025-09-03T07:12:05","slug":"swing-turnstile-gate-tgw-lst018","status":"publish","type":"product","link":"https:\/\/www.sztigerwong.com\/pt\/product\/swing-turnstile-gate-tgw-lst018\/","title":{"rendered":"A fun\u00e7\u00e3o anti-tailgating \u00e9 projetada atrav\u00e9s da detec\u00e7\u00e3o infravermelha ou limite mec\u00e2nico para impedir efetivamente m\u00faltiplas pessoas de seguir e entrar."},"content":{"rendered":"","protected":false},"excerpt":{"rendered":"<p>10. Que m\u00e9todos de entrada de sinal de abertura da porta \u00e9 suporte dessa porta?<\/p>","protected":false},"featured_media":4442,"comment_status":"closed","ping_status":"closed","template":"","meta":[],"product_brand":[],"product_cat":[53,19],"product_tag":[],"class_list":{"0":"post-4441","1":"product","2":"type-product","3":"status-publish","4":"has-post-thumbnail","6":"product_cat-swing-turnstile-gate","7":"product_cat-turnstile-gate","9":"first","10":"instock","11":"shipping-taxable","12":"product-type-simple"},"_links":{"self":[{"href":"https:\/\/www.sztigerwong.com\/pt\/wp-json\/wp\/v2\/product\/4441","targetHints":{"allow":["GET"]}}],"collection":[{"href":"https:\/\/www.sztigerwong.com\/pt\/wp-json\/wp\/v2\/product"}],"about":[{"href":"https:\/\/www.sztigerwong.com\/pt\/wp-json\/wp\/v2\/types\/product"}],"replies":[{"embeddable":true,"href":"https:\/\/www.sztigerwong.com\/pt\/wp-json\/wp\/v2\/comments?post=4441"}],"wp:featuredmedia":[{"embeddable":true,"href":"https:\/\/www.sztigerwong.com\/pt\/wp-json\/wp\/v2\/media\/4442"}],"wp:attachment":[{"href":"https:\/\/www.sztigerwong.com\/pt\/wp-json\/wp\/v2\/media?parent=4441"}],"wp:term":[{"taxonomy":"product_brand","embeddable":true,"href":"https:\/\/www.sztigerwong.com\/pt\/wp-json\/wp\/v2\/product_brand?post=4441"},{"taxonomy":"product_cat","embeddable":true,"href":"https:\/\/www.sztigerwong.com\/pt\/wp-json\/wp\/v2\/product_cat?post=4441"},{"taxonomy":"product_tag","embeddable":true,"href":"https:\/\/www.sztigerwong.com\/pt\/wp-json\/wp\/v2\/product_tag?post=4441"}],"curies":[{"name":"wp","href":"https:\/\/api.w.org\/{rel}","templated":true}]}}