{"id":4399,"date":"2025-08-28T17:15:31","date_gmt":"2025-08-28T09:15:31","guid":{"rendered":"https:\/\/www.sztigerwong.com\/?post_type=product&#038;p=4399"},"modified":"2025-08-28T17:28:51","modified_gmt":"2025-08-28T09:28:51","slug":"swing-turnstile-gate-tgw-lst006-2","status":"publish","type":"product","link":"https:\/\/www.sztigerwong.com\/pt\/product\/swing-turnstile-gate-tgw-lst006-2\/","title":{"rendered":"Swing Turnstile Gate &#8211; TGW-LST006"},"content":{"rendered":"","protected":false},"excerpt":{"rendered":"<p>TGW-LST006 \u00e9 um pequeno portal inteligente projetado para jardins de inf\u00e2ncia. Integra prote\u00e7\u00e3o de seguran\u00e7a, intera\u00e7\u00e3o divertida e manejo conveniente. Ela proporciona \u00e0s crian\u00e7as um canal de acesso seguro e ordenado ao mesmo tempo que reduz a press\u00e3o de gest\u00e3o do jardim de inf\u00e2ncia. O design de anti-colis\u00e3o arredondado, os bonitos sinais de luz tornam a passagem segura e interessante!<\/p>","protected":false},"featured_media":4400,"comment_status":"closed","ping_status":"closed","template":"","meta":[],"product_brand":[],"product_cat":[53,19],"product_tag":[],"class_list":{"0":"post-4399","1":"product","2":"type-product","3":"status-publish","4":"has-post-thumbnail","6":"product_cat-swing-turnstile-gate","7":"product_cat-turnstile-gate","9":"first","10":"instock","11":"shipping-taxable","12":"product-type-simple"},"_links":{"self":[{"href":"https:\/\/www.sztigerwong.com\/pt\/wp-json\/wp\/v2\/product\/4399","targetHints":{"allow":["GET"]}}],"collection":[{"href":"https:\/\/www.sztigerwong.com\/pt\/wp-json\/wp\/v2\/product"}],"about":[{"href":"https:\/\/www.sztigerwong.com\/pt\/wp-json\/wp\/v2\/types\/product"}],"replies":[{"embeddable":true,"href":"https:\/\/www.sztigerwong.com\/pt\/wp-json\/wp\/v2\/comments?post=4399"}],"wp:featuredmedia":[{"embeddable":true,"href":"https:\/\/www.sztigerwong.com\/pt\/wp-json\/wp\/v2\/media\/4400"}],"wp:attachment":[{"href":"https:\/\/www.sztigerwong.com\/pt\/wp-json\/wp\/v2\/media?parent=4399"}],"wp:term":[{"taxonomy":"product_brand","embeddable":true,"href":"https:\/\/www.sztigerwong.com\/pt\/wp-json\/wp\/v2\/product_brand?post=4399"},{"taxonomy":"product_cat","embeddable":true,"href":"https:\/\/www.sztigerwong.com\/pt\/wp-json\/wp\/v2\/product_cat?post=4399"},{"taxonomy":"product_tag","embeddable":true,"href":"https:\/\/www.sztigerwong.com\/pt\/wp-json\/wp\/v2\/product_tag?post=4399"}],"curies":[{"name":"wp","href":"https:\/\/api.w.org\/{rel}","templated":true}]}}