{"id":4353,"date":"2025-08-26T09:33:22","date_gmt":"2025-08-26T01:33:22","guid":{"rendered":"https:\/\/www.sztigerwong.com\/?post_type=product&#038;p=4353"},"modified":"2025-08-26T10:32:02","modified_gmt":"2025-08-26T02:32:02","slug":"swing-turnstile-gate-tgw-lst001","status":"publish","type":"product","link":"https:\/\/www.sztigerwong.com\/pt\/product\/swing-turnstile-gate-tgw-lst001\/","title":{"rendered":"A estrutura rotativa de tr\u00eas rolos fornece isolamento f\u00edsico e monitoramento em tempo real com sensores infravermelhos para evitar entrada ou cauda for\u00e7ada."},"content":{"rendered":"","protected":false},"excerpt":{"rendered":"<p>TGW-LST001 adota um design integrado completamente fechado, com linhas simples e suaves e materiais duradouros, para criar um dispositivo moderno de gest\u00e3o do canal. \u00c9 adequado para lugares de alto tr\u00e2nsito como edif\u00edcios de escrit\u00f3rios, parques, esta\u00e7\u00f5es de metro e lugares, fornecendo solu\u00e7\u00f5es de tr\u00e2nsito eficientes, seguras e bonitas.<\/p>","protected":false},"featured_media":4354,"comment_status":"closed","ping_status":"closed","template":"","meta":[],"product_brand":[],"product_cat":[53,19],"product_tag":[],"class_list":{"0":"post-4353","1":"product","2":"type-product","3":"status-publish","4":"has-post-thumbnail","6":"product_cat-swing-turnstile-gate","7":"product_cat-turnstile-gate","9":"first","10":"instock","11":"shipping-taxable","12":"product-type-simple"},"_links":{"self":[{"href":"https:\/\/www.sztigerwong.com\/pt\/wp-json\/wp\/v2\/product\/4353","targetHints":{"allow":["GET"]}}],"collection":[{"href":"https:\/\/www.sztigerwong.com\/pt\/wp-json\/wp\/v2\/product"}],"about":[{"href":"https:\/\/www.sztigerwong.com\/pt\/wp-json\/wp\/v2\/types\/product"}],"replies":[{"embeddable":true,"href":"https:\/\/www.sztigerwong.com\/pt\/wp-json\/wp\/v2\/comments?post=4353"}],"wp:featuredmedia":[{"embeddable":true,"href":"https:\/\/www.sztigerwong.com\/pt\/wp-json\/wp\/v2\/media\/4354"}],"wp:attachment":[{"href":"https:\/\/www.sztigerwong.com\/pt\/wp-json\/wp\/v2\/media?parent=4353"}],"wp:term":[{"taxonomy":"product_brand","embeddable":true,"href":"https:\/\/www.sztigerwong.com\/pt\/wp-json\/wp\/v2\/product_brand?post=4353"},{"taxonomy":"product_cat","embeddable":true,"href":"https:\/\/www.sztigerwong.com\/pt\/wp-json\/wp\/v2\/product_cat?post=4353"},{"taxonomy":"product_tag","embeddable":true,"href":"https:\/\/www.sztigerwong.com\/pt\/wp-json\/wp\/v2\/product_tag?post=4353"}],"curies":[{"name":"wp","href":"https:\/\/api.w.org\/{rel}","templated":true}]}}