{"id":4303,"date":"2025-08-16T15:43:05","date_gmt":"2025-08-16T07:43:05","guid":{"rendered":"https:\/\/www.sztigerwong.com\/?post_type=product&#038;p=4303"},"modified":"2025-08-16T15:53:34","modified_gmt":"2025-08-16T07:53:34","slug":"tripod-turnstile-gate-tgw-tt031","status":"publish","type":"product","link":"https:\/\/www.sztigerwong.com\/pt\/product\/tripod-turnstile-gate-tgw-tt031\/","title":{"rendered":"Tripod Turnstile Gate &#8211; TGW-TT031"},"content":{"rendered":"","protected":false},"excerpt":{"rendered":"<p>TGW-TT031 \u00e9 um dispositivo de gest\u00e3o de canais de alta confiabilidade projetado para sistemas de bilhetes. \u00c9 amplamente usado em lugares que requerem verifica\u00e7\u00e3o eficiente de bilhetes, como metros, pontos cen\u00e1rios, esta\u00e7\u00f5es e est\u00e1dios. Sua estrutura mec\u00e2nica s\u00f3lida e duradoura, capacidades precisas de reconhecimento de bilhetes e experi\u00eancia de passagem suave fazem com que seja uma escolha ideal para a gest\u00e3o tradicional de bilhetes.<\/p>","protected":false},"featured_media":4304,"comment_status":"closed","ping_status":"closed","template":"","meta":[],"product_brand":[],"product_cat":[54,19],"product_tag":[],"class_list":{"0":"post-4303","1":"product","2":"type-product","3":"status-publish","4":"has-post-thumbnail","6":"product_cat-tripod-turnstile-gate","7":"product_cat-turnstile-gate","9":"first","10":"instock","11":"shipping-taxable","12":"product-type-simple"},"_links":{"self":[{"href":"https:\/\/www.sztigerwong.com\/pt\/wp-json\/wp\/v2\/product\/4303","targetHints":{"allow":["GET"]}}],"collection":[{"href":"https:\/\/www.sztigerwong.com\/pt\/wp-json\/wp\/v2\/product"}],"about":[{"href":"https:\/\/www.sztigerwong.com\/pt\/wp-json\/wp\/v2\/types\/product"}],"replies":[{"embeddable":true,"href":"https:\/\/www.sztigerwong.com\/pt\/wp-json\/wp\/v2\/comments?post=4303"}],"wp:featuredmedia":[{"embeddable":true,"href":"https:\/\/www.sztigerwong.com\/pt\/wp-json\/wp\/v2\/media\/4304"}],"wp:attachment":[{"href":"https:\/\/www.sztigerwong.com\/pt\/wp-json\/wp\/v2\/media?parent=4303"}],"wp:term":[{"taxonomy":"product_brand","embeddable":true,"href":"https:\/\/www.sztigerwong.com\/pt\/wp-json\/wp\/v2\/product_brand?post=4303"},{"taxonomy":"product_cat","embeddable":true,"href":"https:\/\/www.sztigerwong.com\/pt\/wp-json\/wp\/v2\/product_cat?post=4303"},{"taxonomy":"product_tag","embeddable":true,"href":"https:\/\/www.sztigerwong.com\/pt\/wp-json\/wp\/v2\/product_tag?post=4303"}],"curies":[{"name":"wp","href":"https:\/\/api.w.org\/{rel}","templated":true}]}}