{"id":4279,"date":"2025-08-16T10:12:38","date_gmt":"2025-08-16T02:12:38","guid":{"rendered":"https:\/\/www.sztigerwong.com\/?post_type=product&#038;p=4279"},"modified":"2025-08-16T10:21:41","modified_gmt":"2025-08-16T02:21:41","slug":"tripod-turnstile-gate-tgw-tt020","status":"publish","type":"product","link":"https:\/\/www.sztigerwong.com\/pt\/product\/tripod-turnstile-gate-tgw-tt020\/","title":{"rendered":"Usado em lugares cen\u00e1rios, escolas e outros lugares onde \u00e9 necess\u00e1rio controle estrito do acesso ao pessoal."},"content":{"rendered":"","protected":false},"excerpt":{"rendered":"<p>TGW-TT020 \u00e9 um dispositivo de gest\u00e3o de canais que combina est\u00e9tica industrial modern a com alta seguran\u00e7a. Ela adota um design integrado de chassis em forma de arco, com uma apar\u00eancia simples e elegante, e tem teto de p\u00f3, prova de \u00e1gua, resistente ao impacto e outras caracter\u00edsticas. \u00c9 adequado para lugares com altos requisitos para est\u00e9tica e seguran\u00e7a, como metros, aeroportos, edif\u00edcios de escrit\u00f3rios de alto alcance e lugares cen\u00e1rios, fornecendo solu\u00e7\u00f5es eficientes e est\u00e1veis de gest\u00e3o de acesso ao pessoal.<\/p>\n<p>&nbsp;<\/p>","protected":false},"featured_media":4282,"comment_status":"closed","ping_status":"closed","template":"","meta":[],"product_brand":[],"product_cat":[54,19],"product_tag":[],"class_list":{"0":"post-4279","1":"product","2":"type-product","3":"status-publish","4":"has-post-thumbnail","6":"product_cat-tripod-turnstile-gate","7":"product_cat-turnstile-gate","9":"first","10":"instock","11":"shipping-taxable","12":"product-type-simple"},"_links":{"self":[{"href":"https:\/\/www.sztigerwong.com\/pt\/wp-json\/wp\/v2\/product\/4279","targetHints":{"allow":["GET"]}}],"collection":[{"href":"https:\/\/www.sztigerwong.com\/pt\/wp-json\/wp\/v2\/product"}],"about":[{"href":"https:\/\/www.sztigerwong.com\/pt\/wp-json\/wp\/v2\/types\/product"}],"replies":[{"embeddable":true,"href":"https:\/\/www.sztigerwong.com\/pt\/wp-json\/wp\/v2\/comments?post=4279"}],"wp:featuredmedia":[{"embeddable":true,"href":"https:\/\/www.sztigerwong.com\/pt\/wp-json\/wp\/v2\/media\/4282"}],"wp:attachment":[{"href":"https:\/\/www.sztigerwong.com\/pt\/wp-json\/wp\/v2\/media?parent=4279"}],"wp:term":[{"taxonomy":"product_brand","embeddable":true,"href":"https:\/\/www.sztigerwong.com\/pt\/wp-json\/wp\/v2\/product_brand?post=4279"},{"taxonomy":"product_cat","embeddable":true,"href":"https:\/\/www.sztigerwong.com\/pt\/wp-json\/wp\/v2\/product_cat?post=4279"},{"taxonomy":"product_tag","embeddable":true,"href":"https:\/\/www.sztigerwong.com\/pt\/wp-json\/wp\/v2\/product_tag?post=4279"}],"curies":[{"name":"wp","href":"https:\/\/api.w.org\/{rel}","templated":true}]}}