{"id":4087,"date":"2025-07-29T10:53:53","date_gmt":"2025-07-29T02:53:53","guid":{"rendered":"https:\/\/www.sztigerwong.com\/?post_type=product&#038;p=4087"},"modified":"2025-07-29T14:46:58","modified_gmt":"2025-07-29T06:46:58","slug":"tripod-turnstile-gate-tgw-tt002-2-2-2-2-2-2-2-2-2","status":"publish","type":"product","link":"https:\/\/www.sztigerwong.com\/pt\/product\/tripod-turnstile-gate-tgw-tt002-2-2-2-2-2-2-2-2-2\/","title":{"rendered":"O port\u00e3o trip\u00f3dico \u00fanicamente projetado \u00e9 pequeno em tamanho e suporta diferentes sistemas de controle de acesso."},"content":{"rendered":"","protected":false},"excerpt":{"rendered":"<p>TGW-TT013 \u00e9 um dispositivo de gest\u00e3o de canais de alto n\u00edvel com um design de chassis semicircular racionalizado, que combina est\u00e9tica e funcionalidade. Sua forma \u00fanica de arco \u00e9 perfeitamente integrada com o estilo arquitet\u00f4nico moderno. \u00c9 adequado para lugares com altos requisitos est\u00e9ticos, como centros comerciais, edif\u00edcios de escrit\u00f3rios, pontos cen\u00e1rios, esta\u00e7\u00f5es de metro, etc., que podem melhorar o n\u00edvel geral do ambiente ao mesmo tempo que asseguram o controle da seguran\u00e7a.<\/p>","protected":false},"featured_media":4088,"comment_status":"closed","ping_status":"closed","template":"","meta":[],"product_brand":[],"product_cat":[54,19],"product_tag":[],"class_list":{"0":"post-4087","1":"product","2":"type-product","3":"status-publish","4":"has-post-thumbnail","6":"product_cat-tripod-turnstile-gate","7":"product_cat-turnstile-gate","9":"first","10":"instock","11":"shipping-taxable","12":"product-type-simple"},"_links":{"self":[{"href":"https:\/\/www.sztigerwong.com\/pt\/wp-json\/wp\/v2\/product\/4087","targetHints":{"allow":["GET"]}}],"collection":[{"href":"https:\/\/www.sztigerwong.com\/pt\/wp-json\/wp\/v2\/product"}],"about":[{"href":"https:\/\/www.sztigerwong.com\/pt\/wp-json\/wp\/v2\/types\/product"}],"replies":[{"embeddable":true,"href":"https:\/\/www.sztigerwong.com\/pt\/wp-json\/wp\/v2\/comments?post=4087"}],"wp:featuredmedia":[{"embeddable":true,"href":"https:\/\/www.sztigerwong.com\/pt\/wp-json\/wp\/v2\/media\/4088"}],"wp:attachment":[{"href":"https:\/\/www.sztigerwong.com\/pt\/wp-json\/wp\/v2\/media?parent=4087"}],"wp:term":[{"taxonomy":"product_brand","embeddable":true,"href":"https:\/\/www.sztigerwong.com\/pt\/wp-json\/wp\/v2\/product_brand?post=4087"},{"taxonomy":"product_cat","embeddable":true,"href":"https:\/\/www.sztigerwong.com\/pt\/wp-json\/wp\/v2\/product_cat?post=4087"},{"taxonomy":"product_tag","embeddable":true,"href":"https:\/\/www.sztigerwong.com\/pt\/wp-json\/wp\/v2\/product_tag?post=4087"}],"curies":[{"name":"wp","href":"https:\/\/api.w.org\/{rel}","templated":true}]}}