{"id":4081,"date":"2025-07-28T17:43:18","date_gmt":"2025-07-28T09:43:18","guid":{"rendered":"https:\/\/www.sztigerwong.com\/?post_type=product&#038;p=4081"},"modified":"2025-07-28T17:43:18","modified_gmt":"2025-07-28T09:43:18","slug":"tripod-turnstile-gate-tgw-tt002-2-2-2-2-2-2-2-2","status":"publish","type":"product","link":"https:\/\/www.sztigerwong.com\/pt\/product\/tripod-turnstile-gate-tgw-tt002-2-2-2-2-2-2-2-2\/","title":{"rendered":"Tripod Turnstile - TGW-TT003 - TigerWong"},"content":{"rendered":"","protected":false},"excerpt":{"rendered":"<p>TGW-TT012 \u00e9 um dispositivo compacto, est\u00e1vel e confi\u00e1vel de gest\u00e3o do canal com um design de duas colunas, com alta for\u00e7a, alta seguran\u00e7a e controle inteligente. \u00c9 adequado para lugares que requerem um controle eficiente do pessoal, como metros, aeroportos, edif\u00edcios de escrit\u00f3rios, f\u00e1bricas, campus, etc., para alcan\u00e7ar com precis\u00e3o a gest\u00e3o de tr\u00e2nsito de um ou dois sentidos e melhorar eficazmente o n\u00edvel de seguran\u00e7a.<\/p>","protected":false},"featured_media":4082,"comment_status":"closed","ping_status":"closed","template":"","meta":[],"product_brand":[],"product_cat":[54,19],"product_tag":[],"class_list":{"0":"post-4081","1":"product","2":"type-product","3":"status-publish","4":"has-post-thumbnail","6":"product_cat-tripod-turnstile-gate","7":"product_cat-turnstile-gate","9":"first","10":"instock","11":"shipping-taxable","12":"product-type-simple"},"_links":{"self":[{"href":"https:\/\/www.sztigerwong.com\/pt\/wp-json\/wp\/v2\/product\/4081","targetHints":{"allow":["GET"]}}],"collection":[{"href":"https:\/\/www.sztigerwong.com\/pt\/wp-json\/wp\/v2\/product"}],"about":[{"href":"https:\/\/www.sztigerwong.com\/pt\/wp-json\/wp\/v2\/types\/product"}],"replies":[{"embeddable":true,"href":"https:\/\/www.sztigerwong.com\/pt\/wp-json\/wp\/v2\/comments?post=4081"}],"wp:featuredmedia":[{"embeddable":true,"href":"https:\/\/www.sztigerwong.com\/pt\/wp-json\/wp\/v2\/media\/4082"}],"wp:attachment":[{"href":"https:\/\/www.sztigerwong.com\/pt\/wp-json\/wp\/v2\/media?parent=4081"}],"wp:term":[{"taxonomy":"product_brand","embeddable":true,"href":"https:\/\/www.sztigerwong.com\/pt\/wp-json\/wp\/v2\/product_brand?post=4081"},{"taxonomy":"product_cat","embeddable":true,"href":"https:\/\/www.sztigerwong.com\/pt\/wp-json\/wp\/v2\/product_cat?post=4081"},{"taxonomy":"product_tag","embeddable":true,"href":"https:\/\/www.sztigerwong.com\/pt\/wp-json\/wp\/v2\/product_tag?post=4081"}],"curies":[{"name":"wp","href":"https:\/\/api.w.org\/{rel}","templated":true}]}}