{"id":3870,"date":"2025-07-10T13:48:26","date_gmt":"2025-07-10T05:48:26","guid":{"rendered":"https:\/\/www.sztigerwong.com\/?post_type=product&#038;p=3870"},"modified":"2025-07-23T13:35:03","modified_gmt":"2025-07-23T05:35:03","slug":"tripod-turnstile-gate-tgw-tt002-2-2-2-2","status":"publish","type":"product","link":"https:\/\/www.sztigerwong.com\/pt\/product\/tripod-turnstile-gate-tgw-tt002-2-2-2-2\/","title":{"rendered":"LST010-4"},"content":{"rendered":"","protected":false},"excerpt":{"rendered":"<p>TGW-TT006 usa uma caixa de a \u00e7o inoxid\u00e1vel 304 com uma estrutura s\u00f3lida e duradoura. Suporta m\u00faltiplos m\u00e9todos de verifica\u00e7\u00e3o como cart\u00e3o IC, cart\u00e3o de identifica\u00e7\u00e3o, c\u00f3digo QR, etc. Pode ser configurado em modo de passagem de uma ou duas dire\u00e7\u00f5es. Quando a energia est\u00e1 desligada, os tr\u00eas rolos podem ser empurrados manualmente para girar para assegurar necessidades de passagem em situa\u00e7\u00f5es de emerg\u00eancia. \u00c9 adequado para esta\u00e7\u00f5es de metro, f\u00e1bricas, edif\u00edcios de escrit\u00f3rio e outros lugares.<\/p>","protected":false},"featured_media":3976,"comment_status":"closed","ping_status":"closed","template":"","meta":[],"product_brand":[],"product_cat":[54,19],"product_tag":[],"class_list":{"0":"post-3870","1":"product","2":"type-product","3":"status-publish","4":"has-post-thumbnail","6":"product_cat-tripod-turnstile-gate","7":"product_cat-turnstile-gate","9":"first","10":"instock","11":"shipping-taxable","12":"product-type-simple"},"_links":{"self":[{"href":"https:\/\/www.sztigerwong.com\/pt\/wp-json\/wp\/v2\/product\/3870","targetHints":{"allow":["GET"]}}],"collection":[{"href":"https:\/\/www.sztigerwong.com\/pt\/wp-json\/wp\/v2\/product"}],"about":[{"href":"https:\/\/www.sztigerwong.com\/pt\/wp-json\/wp\/v2\/types\/product"}],"replies":[{"embeddable":true,"href":"https:\/\/www.sztigerwong.com\/pt\/wp-json\/wp\/v2\/comments?post=3870"}],"wp:featuredmedia":[{"embeddable":true,"href":"https:\/\/www.sztigerwong.com\/pt\/wp-json\/wp\/v2\/media\/3976"}],"wp:attachment":[{"href":"https:\/\/www.sztigerwong.com\/pt\/wp-json\/wp\/v2\/media?parent=3870"}],"wp:term":[{"taxonomy":"product_brand","embeddable":true,"href":"https:\/\/www.sztigerwong.com\/pt\/wp-json\/wp\/v2\/product_brand?post=3870"},{"taxonomy":"product_cat","embeddable":true,"href":"https:\/\/www.sztigerwong.com\/pt\/wp-json\/wp\/v2\/product_cat?post=3870"},{"taxonomy":"product_tag","embeddable":true,"href":"https:\/\/www.sztigerwong.com\/pt\/wp-json\/wp\/v2\/product_tag?post=3870"}],"curies":[{"name":"wp","href":"https:\/\/api.w.org\/{rel}","templated":true}]}}