{"id":3861,"date":"2025-07-08T16:42:34","date_gmt":"2025-07-08T08:42:34","guid":{"rendered":"https:\/\/www.sztigerwong.com\/?post_type=product&#038;p=3861"},"modified":"2025-07-23T14:22:58","modified_gmt":"2025-07-23T06:22:58","slug":"tripod-turnstile-gate-tgw-tt002-2-2-2","status":"publish","type":"product","link":"https:\/\/www.sztigerwong.com\/pt\/product\/tripod-turnstile-gate-tgw-tt002-2-2-2\/","title":{"rendered":"Wing\/Wings Turnstile Gate - TGW-WT002"},"content":{"rendered":"","protected":false},"excerpt":{"rendered":"<p>TGW-TT005 \u00e9 um dispositivo eficiente e est\u00e1vel de gest\u00e3o de canais, feito de a\u00e7o inoxid\u00e1vel de alta for\u00e7a e com cantos afiados, que \u00e9 t\u00e3o bonito quanto pr\u00e1tico. \u00c9 amplamente usado em lugares que requerem controle preciso de fluxo, como metros, pontos cen\u00e1rios, edif\u00edcios de escrit\u00f3rios, f\u00e1bricas, campus, etc., para alcan\u00e7ar controle de tr\u00e2nsito de uma ou duas dire\u00e7\u00f5es e assegurar eficazmente a seguran\u00e7a regional.<\/p>","protected":false},"featured_media":4001,"comment_status":"closed","ping_status":"closed","template":"","meta":[],"product_brand":[],"product_cat":[54,19],"product_tag":[],"class_list":{"0":"post-3861","1":"product","2":"type-product","3":"status-publish","4":"has-post-thumbnail","6":"product_cat-tripod-turnstile-gate","7":"product_cat-turnstile-gate","9":"first","10":"instock","11":"shipping-taxable","12":"product-type-simple"},"_links":{"self":[{"href":"https:\/\/www.sztigerwong.com\/pt\/wp-json\/wp\/v2\/product\/3861","targetHints":{"allow":["GET"]}}],"collection":[{"href":"https:\/\/www.sztigerwong.com\/pt\/wp-json\/wp\/v2\/product"}],"about":[{"href":"https:\/\/www.sztigerwong.com\/pt\/wp-json\/wp\/v2\/types\/product"}],"replies":[{"embeddable":true,"href":"https:\/\/www.sztigerwong.com\/pt\/wp-json\/wp\/v2\/comments?post=3861"}],"wp:featuredmedia":[{"embeddable":true,"href":"https:\/\/www.sztigerwong.com\/pt\/wp-json\/wp\/v2\/media\/4001"}],"wp:attachment":[{"href":"https:\/\/www.sztigerwong.com\/pt\/wp-json\/wp\/v2\/media?parent=3861"}],"wp:term":[{"taxonomy":"product_brand","embeddable":true,"href":"https:\/\/www.sztigerwong.com\/pt\/wp-json\/wp\/v2\/product_brand?post=3861"},{"taxonomy":"product_cat","embeddable":true,"href":"https:\/\/www.sztigerwong.com\/pt\/wp-json\/wp\/v2\/product_cat?post=3861"},{"taxonomy":"product_tag","embeddable":true,"href":"https:\/\/www.sztigerwong.com\/pt\/wp-json\/wp\/v2\/product_tag?post=3861"}],"curies":[{"name":"wp","href":"https:\/\/api.w.org\/{rel}","templated":true}]}}