{"id":3622,"date":"2025-06-03T12:26:48","date_gmt":"2025-06-03T04:26:48","guid":{"rendered":"https:\/\/www.sztigerwong.com\/?post_type=product&#038;p=3622"},"modified":"2025-06-05T18:34:46","modified_gmt":"2025-06-05T10:34:46","slug":"sliding-turnstile-gate-tgw-pt011","status":"publish","type":"product","link":"https:\/\/www.sztigerwong.com\/pt\/product\/sliding-turnstile-gate-tgw-pt011\/","title":{"rendered":"Alarma anti-tailgating e detec\u00e7\u00e3o infravermelha impedem estranhos de seguir voc\u00ea para o parque, assegurando a seguran\u00e7a no parque."},"content":{"rendered":"","protected":false},"excerpt":{"rendered":"<p>Nosso tamanho padr\u00e3o de rota\u00e7\u00e3o do portal \u00e9 de 1000mm (comprimento) x 220mm (largura) x 1000mm (altura) e pesa cerca de 45kg. O tamanho personalizado pode ser feito a pedido.<\/p>","protected":false},"featured_media":3671,"comment_status":"open","ping_status":"closed","template":"","meta":[],"product_brand":[],"product_cat":[51,19],"product_tag":[],"class_list":{"0":"post-3622","1":"product","2":"type-product","3":"status-publish","4":"has-post-thumbnail","6":"product_cat-sliding-turnstile-gate","7":"product_cat-turnstile-gate","9":"first","10":"instock","11":"shipping-taxable","12":"product-type-simple"},"_links":{"self":[{"href":"https:\/\/www.sztigerwong.com\/pt\/wp-json\/wp\/v2\/product\/3622","targetHints":{"allow":["GET"]}}],"collection":[{"href":"https:\/\/www.sztigerwong.com\/pt\/wp-json\/wp\/v2\/product"}],"about":[{"href":"https:\/\/www.sztigerwong.com\/pt\/wp-json\/wp\/v2\/types\/product"}],"replies":[{"embeddable":true,"href":"https:\/\/www.sztigerwong.com\/pt\/wp-json\/wp\/v2\/comments?post=3622"}],"wp:featuredmedia":[{"embeddable":true,"href":"https:\/\/www.sztigerwong.com\/pt\/wp-json\/wp\/v2\/media\/3671"}],"wp:attachment":[{"href":"https:\/\/www.sztigerwong.com\/pt\/wp-json\/wp\/v2\/media?parent=3622"}],"wp:term":[{"taxonomy":"product_brand","embeddable":true,"href":"https:\/\/www.sztigerwong.com\/pt\/wp-json\/wp\/v2\/product_brand?post=3622"},{"taxonomy":"product_cat","embeddable":true,"href":"https:\/\/www.sztigerwong.com\/pt\/wp-json\/wp\/v2\/product_cat?post=3622"},{"taxonomy":"product_tag","embeddable":true,"href":"https:\/\/www.sztigerwong.com\/pt\/wp-json\/wp\/v2\/product_tag?post=3622"}],"curies":[{"name":"wp","href":"https:\/\/api.w.org\/{rel}","templated":true}]}}