{"id":3583,"date":"2025-05-30T19:27:43","date_gmt":"2025-05-30T11:27:43","guid":{"rendered":"https:\/\/www.sztigerwong.com\/?post_type=product&#038;p=3583"},"modified":"2025-10-31T10:02:34","modified_gmt":"2025-10-31T02:02:34","slug":"drop-arm-gate-tgw-da011","status":"publish","type":"product","link":"https:\/\/www.sztigerwong.com\/pt\/product\/drop-arm-gate-tgw-da011\/","title":{"rendered":"O TGW-VS01 RFID Card Parking System oferece durabilidade de alto n\u00edvel e integra\u00e7\u00e3o sem problemas. Trabalhado de ferro com uma constru\u00e7\u00e3o resistente \u00e0 \u00e1gua, instala facilmente e se encaixa em estacionamentos, portas comunit\u00e1rias. \u00c9 perfeitamente parecido com nosso reconhecimento de placas de licen\u00e7a e portas de barreira, racionalizar a gest\u00e3o, aumentar a seguran\u00e7a e aumentar a efici\u00eancia."},"content":{"rendered":"","protected":false},"excerpt":{"rendered":"<p>O TGW-FH001D apresenta um design de barreira tridimensional superior a 2 metros de altura, formando uma barreira f\u00edsica insurmon\u00e1vel. atrav\u00e9s da abertura e fechamento alternados de dois conjuntos de asas de portas rotativas, ele alcan\u00e7a uma passagem absoluta de uma pessoa e controla fluxo bidireccional, proporcionando o maior n\u00edvel de seguran\u00e7a para \u00e1reas centrais. \u00c9 uma escolha ideal para lugares de extrema seguran\u00e7a como aeroportos, pris\u00f5es e centrales el\u00e9tricas.<\/p>","protected":false},"featured_media":3591,"comment_status":"closed","ping_status":"closed","template":"","meta":[],"product_brand":[],"product_cat":[47,19],"product_tag":[],"class_list":{"0":"post-3583","1":"product","2":"type-product","3":"status-publish","4":"has-post-thumbnail","6":"product_cat-drop-arm-gate","7":"product_cat-turnstile-gate","9":"first","10":"instock","11":"shipping-taxable","12":"product-type-simple"},"_links":{"self":[{"href":"https:\/\/www.sztigerwong.com\/pt\/wp-json\/wp\/v2\/product\/3583","targetHints":{"allow":["GET"]}}],"collection":[{"href":"https:\/\/www.sztigerwong.com\/pt\/wp-json\/wp\/v2\/product"}],"about":[{"href":"https:\/\/www.sztigerwong.com\/pt\/wp-json\/wp\/v2\/types\/product"}],"replies":[{"embeddable":true,"href":"https:\/\/www.sztigerwong.com\/pt\/wp-json\/wp\/v2\/comments?post=3583"}],"wp:featuredmedia":[{"embeddable":true,"href":"https:\/\/www.sztigerwong.com\/pt\/wp-json\/wp\/v2\/media\/3591"}],"wp:attachment":[{"href":"https:\/\/www.sztigerwong.com\/pt\/wp-json\/wp\/v2\/media?parent=3583"}],"wp:term":[{"taxonomy":"product_brand","embeddable":true,"href":"https:\/\/www.sztigerwong.com\/pt\/wp-json\/wp\/v2\/product_brand?post=3583"},{"taxonomy":"product_cat","embeddable":true,"href":"https:\/\/www.sztigerwong.com\/pt\/wp-json\/wp\/v2\/product_cat?post=3583"},{"taxonomy":"product_tag","embeddable":true,"href":"https:\/\/www.sztigerwong.com\/pt\/wp-json\/wp\/v2\/product_tag?post=3583"}],"curies":[{"name":"wp","href":"https:\/\/api.w.org\/{rel}","templated":true}]}}