{"id":3559,"date":"2025-05-30T18:51:00","date_gmt":"2025-05-30T10:51:00","guid":{"rendered":"https:\/\/www.sztigerwong.com\/?post_type=product&#038;p=3559"},"modified":"2025-10-30T14:08:23","modified_gmt":"2025-10-30T06:08:23","slug":"uhf-bluetooth-parking-system-tgw-5309","status":"publish","type":"product","link":"https:\/\/www.sztigerwong.com\/pt\/product\/uhf-bluetooth-parking-system-tgw-5309\/","title":{"rendered":"LRA3"},"content":{"rendered":"","protected":false},"excerpt":{"rendered":"<p>Sim. Para ve\u00edculos sem placas de licen\u00e7a ou com placas de licen\u00e7a tempor\u00e1rias, voc\u00ea pode digitar manualmente o n\u00famero da placa de licen\u00e7a no dispositivo. O sistema ir\u00e1 consultar e calcular a taxa de estacionamento baseada no n\u00famero indicado.<\/p>","protected":false},"featured_media":3565,"comment_status":"closed","ping_status":"closed","template":"","meta":[],"product_brand":[],"product_cat":[15,46],"product_tag":[],"class_list":{"0":"post-3559","1":"product","2":"type-product","3":"status-publish","4":"has-post-thumbnail","6":"product_cat-parking-management-system","7":"product_cat-uhfbluetooth-parking-system","9":"first","10":"instock","11":"shipping-taxable","12":"product-type-simple"},"_links":{"self":[{"href":"https:\/\/www.sztigerwong.com\/pt\/wp-json\/wp\/v2\/product\/3559","targetHints":{"allow":["GET"]}}],"collection":[{"href":"https:\/\/www.sztigerwong.com\/pt\/wp-json\/wp\/v2\/product"}],"about":[{"href":"https:\/\/www.sztigerwong.com\/pt\/wp-json\/wp\/v2\/types\/product"}],"replies":[{"embeddable":true,"href":"https:\/\/www.sztigerwong.com\/pt\/wp-json\/wp\/v2\/comments?post=3559"}],"wp:featuredmedia":[{"embeddable":true,"href":"https:\/\/www.sztigerwong.com\/pt\/wp-json\/wp\/v2\/media\/3565"}],"wp:attachment":[{"href":"https:\/\/www.sztigerwong.com\/pt\/wp-json\/wp\/v2\/media?parent=3559"}],"wp:term":[{"taxonomy":"product_brand","embeddable":true,"href":"https:\/\/www.sztigerwong.com\/pt\/wp-json\/wp\/v2\/product_brand?post=3559"},{"taxonomy":"product_cat","embeddable":true,"href":"https:\/\/www.sztigerwong.com\/pt\/wp-json\/wp\/v2\/product_cat?post=3559"},{"taxonomy":"product_tag","embeddable":true,"href":"https:\/\/www.sztigerwong.com\/pt\/wp-json\/wp\/v2\/product_tag?post=3559"}],"curies":[{"name":"wp","href":"https:\/\/api.w.org\/{rel}","templated":true}]}}