{"id":3474,"date":"2025-05-30T16:48:20","date_gmt":"2025-05-30T08:48:20","guid":{"rendered":"https:\/\/www.sztigerwong.com\/?post_type=product&#038;p=3474"},"modified":"2025-10-28T17:25:57","modified_gmt":"2025-10-28T09:25:57","slug":"rfid-card-parking-system-tgw-tbce","status":"publish","type":"product","link":"https:\/\/www.sztigerwong.com\/pt\/product\/rfid-card-parking-system-tgw-tbce\/","title":{"rendered":"Sistema de Parque de Cartas RFID &#8211; TGW-TBCE"},"content":{"rendered":"","protected":false},"excerpt":{"rendered":"<p>O dispensador de cart\u00f5es TGW-TBCE adota a cl\u00e1ssica combina\u00e7\u00e3o de concha de metal e painel pl\u00e1stico de engenharia. \u00c9 duradoura e econ\u00f4mica, e \u00e9 uma escolha confi\u00e1vel para estacionamentos de pequeno e m\u00e9dio tamanho. O produto tem fun\u00e7\u00f5es relativamente completas. Com desempenho est\u00e1vel e baixo custo de manuten\u00e7\u00e3o, \u00e9 particularmente adequado para \u00e1reas residenciais, parques industriais e outros lugares que n\u00e3o requerem alta intelig\u00eancia mas requerem opera\u00e7\u00e3o est\u00e1vel a longo prazo.<\/p>","protected":false},"featured_media":3482,"comment_status":"closed","ping_status":"closed","template":"","meta":[],"product_brand":[],"product_cat":[15,44],"product_tag":[],"class_list":{"0":"post-3474","1":"product","2":"type-product","3":"status-publish","4":"has-post-thumbnail","6":"product_cat-parking-management-system","7":"product_cat-rfid-card-parking-system","9":"first","10":"instock","11":"shipping-taxable","12":"product-type-simple"},"_links":{"self":[{"href":"https:\/\/www.sztigerwong.com\/pt\/wp-json\/wp\/v2\/product\/3474","targetHints":{"allow":["GET"]}}],"collection":[{"href":"https:\/\/www.sztigerwong.com\/pt\/wp-json\/wp\/v2\/product"}],"about":[{"href":"https:\/\/www.sztigerwong.com\/pt\/wp-json\/wp\/v2\/types\/product"}],"replies":[{"embeddable":true,"href":"https:\/\/www.sztigerwong.com\/pt\/wp-json\/wp\/v2\/comments?post=3474"}],"wp:featuredmedia":[{"embeddable":true,"href":"https:\/\/www.sztigerwong.com\/pt\/wp-json\/wp\/v2\/media\/3482"}],"wp:attachment":[{"href":"https:\/\/www.sztigerwong.com\/pt\/wp-json\/wp\/v2\/media?parent=3474"}],"wp:term":[{"taxonomy":"product_brand","embeddable":true,"href":"https:\/\/www.sztigerwong.com\/pt\/wp-json\/wp\/v2\/product_brand?post=3474"},{"taxonomy":"product_cat","embeddable":true,"href":"https:\/\/www.sztigerwong.com\/pt\/wp-json\/wp\/v2\/product_cat?post=3474"},{"taxonomy":"product_tag","embeddable":true,"href":"https:\/\/www.sztigerwong.com\/pt\/wp-json\/wp\/v2\/product_tag?post=3474"}],"curies":[{"name":"wp","href":"https:\/\/api.w.org\/{rel}","templated":true}]}}