{"id":4610,"date":"2025-09-25T17:44:33","date_gmt":"2025-09-25T09:44:33","guid":{"rendered":"https:\/\/www.sztigerwong.com\/?post_type=product&#038;p=4610"},"modified":"2025-09-25T17:49:48","modified_gmt":"2025-09-25T09:49:48","slug":"swing-turnstile-gate-tgw-st005","status":"publish","type":"product","link":"https:\/\/www.sztigerwong.com\/it\/product\/swing-turnstile-gate-tgw-st005\/","title":{"rendered":"Porta del tornello di oscillazione &#8211; TGW-ST005"},"content":{"rendered":"","protected":false},"excerpt":{"rendered":"<p>TGW-ST005 \u00e8 un dispositivo di cancello oscillante a carrozzeria larga progettato per canali ad alto traffico. \u00c8 realizzato in acciaio inossidabile 304, che pu\u00f2 risparmiare spazio garantendo un passaggio efficiente. Il corpo ad alta resistenza \u00e8 combinato con un sistema di controllo intelligente, adatto per aeroporti, stazioni, grandi luoghi e altri luoghi che richiedono un'evacuazione rapida, tenendo conto sia della sicurezza che dell'efficienza del passaggio.<\/p>","protected":false},"featured_media":4611,"comment_status":"closed","ping_status":"closed","template":"","meta":[],"product_brand":[],"product_cat":[53,19],"product_tag":[],"class_list":{"0":"post-4610","1":"product","2":"type-product","3":"status-publish","4":"has-post-thumbnail","6":"product_cat-swing-turnstile-gate","7":"product_cat-turnstile-gate","9":"first","10":"instock","11":"shipping-taxable","12":"product-type-simple"},"_links":{"self":[{"href":"https:\/\/www.sztigerwong.com\/it\/wp-json\/wp\/v2\/product\/4610","targetHints":{"allow":["GET"]}}],"collection":[{"href":"https:\/\/www.sztigerwong.com\/it\/wp-json\/wp\/v2\/product"}],"about":[{"href":"https:\/\/www.sztigerwong.com\/it\/wp-json\/wp\/v2\/types\/product"}],"replies":[{"embeddable":true,"href":"https:\/\/www.sztigerwong.com\/it\/wp-json\/wp\/v2\/comments?post=4610"}],"wp:featuredmedia":[{"embeddable":true,"href":"https:\/\/www.sztigerwong.com\/it\/wp-json\/wp\/v2\/media\/4611"}],"wp:attachment":[{"href":"https:\/\/www.sztigerwong.com\/it\/wp-json\/wp\/v2\/media?parent=4610"}],"wp:term":[{"taxonomy":"product_brand","embeddable":true,"href":"https:\/\/www.sztigerwong.com\/it\/wp-json\/wp\/v2\/product_brand?post=4610"},{"taxonomy":"product_cat","embeddable":true,"href":"https:\/\/www.sztigerwong.com\/it\/wp-json\/wp\/v2\/product_cat?post=4610"},{"taxonomy":"product_tag","embeddable":true,"href":"https:\/\/www.sztigerwong.com\/it\/wp-json\/wp\/v2\/product_tag?post=4610"}],"curies":[{"name":"WP","href":"https:\/\/api.w.org\/{rel}","templated":true}]}}